{"id":1108,"date":"2025-12-31T07:59:35","date_gmt":"2025-12-30T21:59:35","guid":{"rendered":"https:\/\/praesidiumdefence.ee\/kontakt\/"},"modified":"2026-01-22T18:06:54","modified_gmt":"2026-01-22T08:06:54","slug":"kontakt","status":"publish","type":"page","link":"https:\/\/praesidiumdefence.ee\/et\/kontakt\/","title":{"rendered":"Kontakt"},"content":{"rendered":"\t\t<div data-elementor-type=\"wp-page\" data-elementor-id=\"1108\" class=\"elementor elementor-1108 elementor-201\" data-elementor-post-type=\"page\">\n\t\t\t\t<main class=\"elementor-element elementor-element-44d0f1 e-flex e-con-boxed e-con e-parent\" data-id=\"44d0f1\" data-element_type=\"container\" data-e-type=\"container\" data-settings=\"{&quot;background_background&quot;:&quot;classic&quot;}\">\n\t\t\t\t\t<div class=\"e-con-inner\">\n\t\t\t\t<div class=\"elementor-element elementor-element-19363da8 elementor-widget__width-initial elementor-widget elementor-widget-heading\" data-id=\"19363da8\" data-element_type=\"widget\" data-e-type=\"widget\" data-widget_type=\"heading.default\">\n\t\t\t\t\t<h1 class=\"elementor-heading-title elementor-size-default\">V\u00f5tke \u00fchendust Praesidium Defence'iga<\/h1>\t\t\t\t<\/div>\n\t\t\t\t<div class=\"elementor-element elementor-element-75f44b75 elementor-widget elementor-widget-text-editor\" data-id=\"75f44b75\" data-element_type=\"widget\" data-e-type=\"widget\" data-widget_type=\"text-editor.default\">\n\t\t\t\t\t\t\t\t\t<p>Ametlikud p\u00e4ringud seoses tehnilise hindamise ja kaitsevaldkonna eksperimenteerimisega.<\/p>\t\t\t\t\t\t\t\t<\/div>\n\t\t\t\t\t<\/div>\n\t\t\t\t<\/main>\n\t\t<div class=\"elementor-element elementor-element-5cba452 e-flex e-con-boxed e-con e-parent\" data-id=\"5cba452\" data-element_type=\"container\" data-e-type=\"container\" data-settings=\"{&quot;background_background&quot;:&quot;classic&quot;}\">\n\t\t\t\t\t<div class=\"e-con-inner\">\n\t\t\t\t<div class=\"elementor-element elementor-element-e130a60 elementor-widget elementor-widget-spacer\" data-id=\"e130a60\" data-element_type=\"widget\" data-e-type=\"widget\" data-widget_type=\"spacer.default\">\n\t\t\t\t\t\t\t<div class=\"elementor-spacer\">\n\t\t\t<div class=\"elementor-spacer-inner\"><\/div>\n\t\t<\/div>\n\t\t\t\t\t\t<\/div>\n\t\t\t\t\t<\/div>\n\t\t\t\t<\/div>\n\t\t<div class=\"elementor-element elementor-element-36bc6d79 e-flex e-con-boxed e-con e-parent\" data-id=\"36bc6d79\" data-element_type=\"container\" data-e-type=\"container\" data-settings=\"{&quot;background_background&quot;:&quot;classic&quot;}\">\n\t\t\t\t\t<div class=\"e-con-inner\">\n\t\t\t\t<div class=\"elementor-element elementor-element-7235b6c5 elementor-widget elementor-widget-heading\" data-id=\"7235b6c5\" data-element_type=\"widget\" data-e-type=\"widget\" data-widget_type=\"heading.default\">\n\t\t\t\t\t<h2 class=\"elementor-heading-title elementor-size-default\">Ametlik kontakt\n\n<\/h2>\t\t\t\t<\/div>\n\t\t\t\t<div class=\"elementor-element elementor-element-2f6e167e elementor-widget-divider--view-line elementor-widget elementor-widget-divider\" data-id=\"2f6e167e\" data-element_type=\"widget\" data-e-type=\"widget\" data-widget_type=\"divider.default\">\n\t\t\t\t\t\t\t<div class=\"elementor-divider\">\n\t\t\t<span class=\"elementor-divider-separator\">\n\t\t\t\t\t\t<\/span>\n\t\t<\/div>\n\t\t\t\t\t\t<\/div>\n\t\t\t\t<div class=\"elementor-element elementor-element-7341f6ec elementor-widget elementor-widget-spacer\" data-id=\"7341f6ec\" data-element_type=\"widget\" data-e-type=\"widget\" data-widget_type=\"spacer.default\">\n\t\t\t\t\t\t\t<div class=\"elementor-spacer\">\n\t\t\t<div class=\"elementor-spacer-inner\"><\/div>\n\t\t<\/div>\n\t\t\t\t\t\t<\/div>\n\t\t<div class=\"elementor-element elementor-element-75a6d099 e-grid e-con-full e-con e-child\" data-id=\"75a6d099\" data-element_type=\"container\" data-e-type=\"container\" data-settings=\"{&quot;background_background&quot;:&quot;classic&quot;}\">\n\t\t\t\t<div class=\"elementor-element elementor-element-3633f8bf elementor-widget elementor-widget-text-editor\" data-id=\"3633f8bf\" data-element_type=\"widget\" data-e-type=\"widget\" data-widget_type=\"text-editor.default\">\n\t\t\t\t\t\t\t\t\t<p data-start=\"1113\" data-end=\"1285\">Praesidium Defence tervitab ametlikke p\u00e4ringuid seoses tehnilise hindamise, v\u00f5imekuse arutelu ja kaitsevaldkonna eksperimenteerimisega k\u00e4esoleval veebilehel kirjeldatud ulatuses.<\/p><p data-start=\"1287\" data-end=\"1329\">\u00dcldise kirjavahetuse v\u00f5ib saata aadressile:<\/p><p data-start=\"1331\" data-end=\"1364\">Praesidium Defence O\u00dc<br data-start=\"1352\" data-end=\"1355\">Eesti<\/p><p data-start=\"1366\" data-end=\"1402\">E-post: <a href=\"mailto:info@praesidiumdefence.ee\"><strong data-start=\"1373\" data-end=\"1402\">info@praesidiumdefence.ee<\/strong><\/a><\/p>\t\t\t\t\t\t\t\t<\/div>\n\t\t\t\t<\/div>\n\t\t\t\t<div class=\"elementor-element elementor-element-333fd618 elementor-widget elementor-widget-heading\" data-id=\"333fd618\" data-element_type=\"widget\" data-e-type=\"widget\" data-widget_type=\"heading.default\">\n\t\t\t\t\t<h2 class=\"elementor-heading-title elementor-size-default\">P\u00e4ringute iseloom<\/h2>\t\t\t\t<\/div>\n\t\t\t\t<div class=\"elementor-element elementor-element-11db629e elementor-widget-divider--view-line elementor-widget elementor-widget-divider\" data-id=\"11db629e\" data-element_type=\"widget\" data-e-type=\"widget\" data-widget_type=\"divider.default\">\n\t\t\t\t\t\t\t<div class=\"elementor-divider\">\n\t\t\t<span class=\"elementor-divider-separator\">\n\t\t\t\t\t\t<\/span>\n\t\t<\/div>\n\t\t\t\t\t\t<\/div>\n\t\t\t\t<div class=\"elementor-element elementor-element-51c3e920 elementor-widget elementor-widget-spacer\" data-id=\"51c3e920\" data-element_type=\"widget\" data-e-type=\"widget\" data-widget_type=\"spacer.default\">\n\t\t\t\t\t\t\t<div class=\"elementor-spacer\">\n\t\t\t<div class=\"elementor-spacer-inner\"><\/div>\n\t\t<\/div>\n\t\t\t\t\t\t<\/div>\n\t\t<div class=\"elementor-element elementor-element-f827b9f e-grid e-con-full e-con e-child\" data-id=\"f827b9f\" data-element_type=\"container\" data-e-type=\"container\" data-settings=\"{&quot;background_background&quot;:&quot;classic&quot;}\">\n\t\t\t\t<div class=\"elementor-element elementor-element-592eefc2 elementor-widget elementor-widget-text-editor\" data-id=\"592eefc2\" data-element_type=\"widget\" data-e-type=\"widget\" data-widget_type=\"text-editor.default\">\n\t\t\t\t\t\t\t\t\t<p data-start=\"1470\" data-end=\"1607\">Praesidium Defence vastab p\u00e4ringutele valitsuse, kaitsevaldkonna ja institutsionaalsete sidusr\u00fchmade poolt ainult hindamisp\u00f5hise tegevuse kohta.<\/p><p data-start=\"1609\" data-end=\"1759\">Ettev\u00f5te ei tegele soovimatu m\u00fc\u00fcgitegevusega ega vasta kaubanduslikele pakkumistele v\u00e4ljaspool oma hindamismandaadi ulatust.<\/p>\t\t\t\t\t\t\t\t<\/div>\n\t\t\t\t<\/div>\n\t\t\t\t\t<\/div>\n\t\t\t\t<\/div>\n\t\t<div class=\"elementor-element elementor-element-79078bb1 e-flex e-con-boxed e-con e-parent\" data-id=\"79078bb1\" data-element_type=\"container\" data-e-type=\"container\" data-settings=\"{&quot;background_background&quot;:&quot;classic&quot;}\">\n\t\t\t\t\t<div class=\"e-con-inner\">\n\t\t\t\t<div class=\"elementor-element elementor-element-1da58bd6 elementor-widget elementor-widget-heading\" data-id=\"1da58bd6\" data-element_type=\"widget\" data-e-type=\"widget\" data-widget_type=\"heading.default\">\n\t\t\t\t\t<h2 class=\"elementor-heading-title elementor-size-default\">Kaasamise tingimused\n\n<\/h2>\t\t\t\t<\/div>\n\t\t\t\t<div class=\"elementor-element elementor-element-6d4fdbde elementor-widget-divider--view-line elementor-widget elementor-widget-divider\" data-id=\"6d4fdbde\" data-element_type=\"widget\" data-e-type=\"widget\" data-widget_type=\"divider.default\">\n\t\t\t\t\t\t\t<div class=\"elementor-divider\">\n\t\t\t<span class=\"elementor-divider-separator\">\n\t\t\t\t\t\t<\/span>\n\t\t<\/div>\n\t\t\t\t\t\t<\/div>\n\t\t\t\t<div class=\"elementor-element elementor-element-2eb68dee elementor-widget elementor-widget-spacer\" data-id=\"2eb68dee\" data-element_type=\"widget\" data-e-type=\"widget\" data-widget_type=\"spacer.default\">\n\t\t\t\t\t\t\t<div class=\"elementor-spacer\">\n\t\t\t<div class=\"elementor-spacer-inner\"><\/div>\n\t\t<\/div>\n\t\t\t\t\t\t<\/div>\n\t\t<div class=\"elementor-element elementor-element-1cb18198 e-grid e-con-full e-con e-child\" data-id=\"1cb18198\" data-element_type=\"container\" data-e-type=\"container\" data-settings=\"{&quot;background_background&quot;:&quot;classic&quot;}\">\n\t\t\t\t<div class=\"elementor-element elementor-element-31112c6b elementor-widget elementor-widget-text-editor\" data-id=\"31112c6b\" data-element_type=\"widget\" data-e-type=\"widget\" data-widget_type=\"text-editor.default\">\n\t\t\t\t\t\t\t\t\t<p data-start=\"1831\" data-end=\"1943\">K\u00f5ik sisulised kaasatused viiakse l\u00e4bi kokkulepitud ulatuse piires ja vajaduse korral Kaitseministeeriumi j\u00e4relevalve all.<\/p><p data-start=\"1945\" data-end=\"2041\">F\u00fc\u00fcsiline kohalolek Eestis on lubatud ainult rahastatud ja heakskiidetud hindamistegevusega seoses.<\/p><p data-start=\"2043\" data-end=\"2129\">Kirjavahetus ei t\u00e4henda kohustust, saadavust ega tegevuse prioriseerimist.<\/p>\t\t\t\t\t\t\t\t<\/div>\n\t\t\t\t<\/div>\n\t\t\t\t<div class=\"elementor-element elementor-element-57629dfc elementor-widget elementor-widget-heading\" data-id=\"57629dfc\" data-element_type=\"widget\" data-e-type=\"widget\" data-widget_type=\"heading.default\">\n\t\t\t\t\t<h2 class=\"elementor-heading-title elementor-size-default\">Kestus ja pingutus<\/h2>\t\t\t\t<\/div>\n\t\t\t\t<div class=\"elementor-element elementor-element-5f1b01b4 elementor-widget-divider--view-line elementor-widget elementor-widget-divider\" data-id=\"5f1b01b4\" data-element_type=\"widget\" data-e-type=\"widget\" data-widget_type=\"divider.default\">\n\t\t\t\t\t\t\t<div class=\"elementor-divider\">\n\t\t\t<span class=\"elementor-divider-separator\">\n\t\t\t\t\t\t<\/span>\n\t\t<\/div>\n\t\t\t\t\t\t<\/div>\n\t\t\t\t<div class=\"elementor-element elementor-element-62b3b188 elementor-widget elementor-widget-spacer\" data-id=\"62b3b188\" data-element_type=\"widget\" data-e-type=\"widget\" data-widget_type=\"spacer.default\">\n\t\t\t\t\t\t\t<div class=\"elementor-spacer\">\n\t\t\t<div class=\"elementor-spacer-inner\"><\/div>\n\t\t<\/div>\n\t\t\t\t\t\t<\/div>\n\t\t<div class=\"elementor-element elementor-element-8043494 e-grid e-con-full e-con e-child\" data-id=\"8043494\" data-element_type=\"container\" data-e-type=\"container\" data-settings=\"{&quot;background_background&quot;:&quot;classic&quot;}\">\n\t\t\t\t<div class=\"elementor-element elementor-element-33a251cd elementor-widget elementor-widget-text-editor\" data-id=\"33a251cd\" data-element_type=\"widget\" data-e-type=\"widget\" data-widget_type=\"text-editor.default\">\n\t\t\t\t\t\t\t\t\t<p data-start=\"3950\" data-end=\"3985\">Ligikaudne kestus: 3\u20136 kuud<\/p><p data-start=\"3987\" data-end=\"4040\">Tegevuse t\u00fc\u00fcp: Tehniline hindamine ja eksperimenteerimine<\/p><p data-start=\"4042\" data-end=\"4155\">Pingutus on tahtlikult piiratud ja viiakse l\u00e4bi Kaitseministeeriumi vaatluse ja tagasiside alusel kogu hindamisperioodi v\u00e4ltel.<\/p><p data-start=\"4157\" data-end=\"4259\">L\u00f5plik ulatus, kestus ja pingutus t\u00e4psustatakse \u00fchiselt Eesti Kaitseministeeriumiga.<\/p>\t\t\t\t\t\t\t\t<\/div>\n\t\t\t\t<\/div>\n\t\t\t\t\t<\/div>\n\t\t\t\t<\/div>\n\t\t<div class=\"elementor-element elementor-element-61fa4d9a e-flex e-con-boxed e-con e-parent\" data-id=\"61fa4d9a\" data-element_type=\"container\" data-e-type=\"container\" data-settings=\"{&quot;background_background&quot;:&quot;classic&quot;}\">\n\t\t\t\t\t<div class=\"e-con-inner\">\n\t\t\t\t<div class=\"elementor-element elementor-element-7dc5bd29 elementor-widget elementor-widget-heading\" data-id=\"7dc5bd29\" data-element_type=\"widget\" data-e-type=\"widget\" data-widget_type=\"heading.default\">\n\t\t\t\t\t<h2 class=\"elementor-heading-title elementor-size-default\">Mittehankeline selgitus\n\n<\/h2>\t\t\t\t<\/div>\n\t\t\t\t<div class=\"elementor-element elementor-element-27767179 elementor-widget-divider--view-line elementor-widget elementor-widget-divider\" data-id=\"27767179\" data-element_type=\"widget\" data-e-type=\"widget\" data-widget_type=\"divider.default\">\n\t\t\t\t\t\t\t<div class=\"elementor-divider\">\n\t\t\t<span class=\"elementor-divider-separator\">\n\t\t\t\t\t\t<\/span>\n\t\t<\/div>\n\t\t\t\t\t\t<\/div>\n\t\t\t\t<div class=\"elementor-element elementor-element-29e5cf2e elementor-widget elementor-widget-spacer\" data-id=\"29e5cf2e\" data-element_type=\"widget\" data-e-type=\"widget\" data-widget_type=\"spacer.default\">\n\t\t\t\t\t\t\t<div class=\"elementor-spacer\">\n\t\t\t<div class=\"elementor-spacer-inner\"><\/div>\n\t\t<\/div>\n\t\t\t\t\t\t<\/div>\n\t\t<div class=\"elementor-element elementor-element-1a7e12ca e-grid e-con-full e-con e-child\" data-id=\"1a7e12ca\" data-element_type=\"container\" data-e-type=\"container\" data-settings=\"{&quot;background_background&quot;:&quot;classic&quot;}\">\n\t\t\t\t<div class=\"elementor-element elementor-element-37a4833c elementor-widget elementor-widget-text-editor\" data-id=\"37a4833c\" data-element_type=\"widget\" data-e-type=\"widget\" data-widget_type=\"text-editor.default\">\n\t\t\t\t\t\t\t\t\t<p data-start=\"2217\" data-end=\"2343\">Praesidium Defence&#8217;iga \u00fchenduse v\u00f5tmine ei kujuta endast hanketegevust ega loo omandamise kavatsust v\u00f5i kohustust.<\/p><p data-start=\"2345\" data-end=\"2459\">Igasugune tulevane hindamis- v\u00f5i v\u00f5imekustegevuse kaalumine n\u00f5uaks eraldi, ametlikult m\u00e4\u00e4ratletud kaasamist.<\/p>\t\t\t\t\t\t\t\t<\/div>\n\t\t\t\t<\/div>\n\t\t\t\t<div class=\"elementor-element elementor-element-2ed84824 elementor-widget elementor-widget-spacer\" data-id=\"2ed84824\" data-element_type=\"widget\" data-e-type=\"widget\" data-widget_type=\"spacer.default\">\n\t\t\t\t\t\t\t<div class=\"elementor-spacer\">\n\t\t\t<div class=\"elementor-spacer-inner\"><\/div>\n\t\t<\/div>\n\t\t\t\t\t\t<\/div>\n\t\t\t\t\t<\/div>\n\t\t\t\t<\/div>\n\t\t<div class=\"elementor-element elementor-element-826cd83 e-flex e-con-boxed e-con e-parent\" data-id=\"826cd83\" data-element_type=\"container\" data-e-type=\"container\" data-settings=\"{&quot;background_background&quot;:&quot;classic&quot;}\">\n\t\t\t\t\t<div class=\"e-con-inner\">\n\t\t\t\t<div class=\"elementor-element elementor-element-3a69c27 elementor-widget elementor-widget-heading\" data-id=\"3a69c27\" data-element_type=\"widget\" data-e-type=\"widget\" data-widget_type=\"heading.default\">\n\t\t\t\t\t<h2 class=\"elementor-heading-title elementor-size-default\">Lisateave\n\n<\/h2>\t\t\t\t<\/div>\n\t\t\t\t<div class=\"elementor-element elementor-element-a570fc3 elementor-widget-divider--view-line elementor-widget elementor-widget-divider\" data-id=\"a570fc3\" data-element_type=\"widget\" data-e-type=\"widget\" data-widget_type=\"divider.default\">\n\t\t\t\t\t\t\t<div class=\"elementor-divider\">\n\t\t\t<span class=\"elementor-divider-separator\">\n\t\t\t\t\t\t<\/span>\n\t\t<\/div>\n\t\t\t\t\t\t<\/div>\n\t\t\t\t<div class=\"elementor-element elementor-element-6ae231e elementor-widget elementor-widget-spacer\" data-id=\"6ae231e\" data-element_type=\"widget\" data-e-type=\"widget\" data-widget_type=\"spacer.default\">\n\t\t\t\t\t\t\t<div class=\"elementor-spacer\">\n\t\t\t<div class=\"elementor-spacer-inner\"><\/div>\n\t\t<\/div>\n\t\t\t\t\t\t<\/div>\n\t\t<div class=\"elementor-element elementor-element-b3ea96f e-grid e-con-full e-con e-child\" data-id=\"b3ea96f\" data-element_type=\"container\" data-e-type=\"container\" data-settings=\"{&quot;background_background&quot;:&quot;classic&quot;}\">\n\t\t\t\t<div class=\"elementor-element elementor-element-61960b7 elementor-widget elementor-widget-text-editor\" data-id=\"61960b7\" data-element_type=\"widget\" data-e-type=\"widget\" data-widget_type=\"text-editor.default\">\n\t\t\t\t\t\t\t\t\t<p data-start=\"2217\" data-end=\"2343\">Ametlike tehnilise hindamise v\u00f5i kaitsevaldkonna eksperimenteerimisega seotud p\u00e4ringute korral palume tutvuda 1. faasi hindamise \u00fclevaatega v\u00f5i v\u00f5tta \u00fchendust Praesidium Defence&#8217;iga ametlike kanalite kaudu.<\/p>\t\t\t\t\t\t\t\t<\/div>\n\t\t\t\t<\/div>\n\t\t\t\t<div class=\"elementor-element elementor-element-d091a20 elementor-widget elementor-widget-spacer\" data-id=\"d091a20\" data-element_type=\"widget\" data-e-type=\"widget\" data-widget_type=\"spacer.default\">\n\t\t\t\t\t\t\t<div class=\"elementor-spacer\">\n\t\t\t<div class=\"elementor-spacer-inner\"><\/div>\n\t\t<\/div>\n\t\t\t\t\t\t<\/div>\n\t\t\t\t\t<\/div>\n\t\t\t\t<\/div>\n\t\t<div class=\"elementor-element elementor-element-f92300e e-flex e-con-boxed e-con e-parent\" data-id=\"f92300e\" data-element_type=\"container\" data-e-type=\"container\" data-settings=\"{&quot;background_background&quot;:&quot;classic&quot;}\">\n\t\t\t\t\t<div class=\"e-con-inner\">\n\t\t\t\t\t<\/div>\n\t\t\t\t<\/div>\n\t\t\t\t<\/div>\n\t\t","protected":false},"excerpt":{"rendered":"<p>V\u00f5tke \u00fchendust Praesidium Defence&#8217;iga Ametlikud p\u00e4ringud seoses tehnilise hindamise ja kaitsevaldkonna eksperimenteerimisega. Ametlik kontakt Praesidium Defence tervitab ametlikke p\u00e4ringuid seoses tehnilise hindamise, v\u00f5imekuse arutelu ja kaitsevaldkonna eksperimenteerimisega k\u00e4esoleval veebilehel kirjeldatud ulatuses. \u00dcldise kirjavahetuse v\u00f5ib saata aadressile: Praesidium Defence O\u00dcEesti E-post: info@praesidiumdefence.ee P\u00e4ringute iseloom Praesidium Defence vastab p\u00e4ringutele valitsuse, kaitsevaldkonna ja institutsionaalsete sidusr\u00fchmade poolt ainult hindamisp\u00f5hise [&hellip;]<\/p>\n","protected":false},"author":1,"featured_media":0,"parent":0,"menu_order":0,"comment_status":"closed","ping_status":"closed","template":"","meta":{"footnotes":""},"class_list":["post-1108","page","type-page","status-publish","hentry"],"blocksy_meta":[],"_links":{"self":[{"href":"https:\/\/praesidiumdefence.ee\/et\/wp-json\/wp\/v2\/pages\/1108","targetHints":{"allow":["GET"]}}],"collection":[{"href":"https:\/\/praesidiumdefence.ee\/et\/wp-json\/wp\/v2\/pages"}],"about":[{"href":"https:\/\/praesidiumdefence.ee\/et\/wp-json\/wp\/v2\/types\/page"}],"author":[{"embeddable":true,"href":"https:\/\/praesidiumdefence.ee\/et\/wp-json\/wp\/v2\/users\/1"}],"replies":[{"embeddable":true,"href":"https:\/\/praesidiumdefence.ee\/et\/wp-json\/wp\/v2\/comments?post=1108"}],"version-history":[{"count":1,"href":"https:\/\/praesidiumdefence.ee\/et\/wp-json\/wp\/v2\/pages\/1108\/revisions"}],"predecessor-version":[{"id":1112,"href":"https:\/\/praesidiumdefence.ee\/et\/wp-json\/wp\/v2\/pages\/1108\/revisions\/1112"}],"wp:attachment":[{"href":"https:\/\/praesidiumdefence.ee\/et\/wp-json\/wp\/v2\/media?parent=1108"}],"curies":[{"name":"wp","href":"https:\/\/api.w.org\/{rel}","templated":true}]}}