{"id":1104,"date":"2025-12-31T14:53:55","date_gmt":"2025-12-31T04:53:55","guid":{"rendered":"https:\/\/praesidiumdefence.ee\/vastavus-juhtimine\/"},"modified":"2026-01-23T11:05:44","modified_gmt":"2026-01-23T01:05:44","slug":"vastavus-juhtimine","status":"publish","type":"page","link":"https:\/\/praesidiumdefence.ee\/et\/vastavus-juhtimine\/","title":{"rendered":"Vastavus &amp; Juhtimine"},"content":{"rendered":"\t\t<div data-elementor-type=\"wp-page\" data-elementor-id=\"1104\" class=\"elementor elementor-1104 elementor-454\" data-elementor-post-type=\"page\">\n\t\t\t\t<main class=\"elementor-element elementor-element-52a6229f e-flex e-con-boxed e-con e-parent\" data-id=\"52a6229f\" data-element_type=\"container\" data-e-type=\"container\" data-settings=\"{&quot;background_background&quot;:&quot;classic&quot;}\">\n\t\t\t\t\t<div class=\"e-con-inner\">\n\t\t\t\t<div class=\"elementor-element elementor-element-4b6ce5c5 elementor-widget__width-initial elementor-widget elementor-widget-heading\" data-id=\"4b6ce5c5\" data-element_type=\"widget\" data-e-type=\"widget\" data-widget_type=\"heading.default\">\n\t\t\t\t\t<h1 class=\"elementor-heading-title elementor-size-default\">Juhtimine ja vastutus<\/h1>\t\t\t\t<\/div>\n\t\t\t\t<div class=\"elementor-element elementor-element-37709ce0 elementor-widget elementor-widget-text-editor\" data-id=\"37709ce0\" data-element_type=\"widget\" data-e-type=\"widget\" data-widget_type=\"text-editor.default\">\n\t\t\t\t\t\t\t\t\t<p>Vastutustundliku, hindamisp\u00f5hise kaitsevaldkonna kaasamise raamistik.<\/p>\t\t\t\t\t\t\t\t<\/div>\n\t\t\t\t\t<\/div>\n\t\t\t\t<\/main>\n\t\t<div class=\"elementor-element elementor-element-da593f8 e-flex e-con-boxed e-con e-parent\" data-id=\"da593f8\" data-element_type=\"container\" data-e-type=\"container\" data-settings=\"{&quot;background_background&quot;:&quot;classic&quot;}\">\n\t\t\t\t\t<div class=\"e-con-inner\">\n\t\t\t\t<div class=\"elementor-element elementor-element-19891a3 elementor-widget elementor-widget-spacer\" data-id=\"19891a3\" data-element_type=\"widget\" data-e-type=\"widget\" data-widget_type=\"spacer.default\">\n\t\t\t\t\t\t\t<div class=\"elementor-spacer\">\n\t\t\t<div class=\"elementor-spacer-inner\"><\/div>\n\t\t<\/div>\n\t\t\t\t\t\t<\/div>\n\t\t\t\t\t<\/div>\n\t\t\t\t<\/div>\n\t\t<div class=\"elementor-element elementor-element-46b310ca e-flex e-con-boxed e-con e-parent\" data-id=\"46b310ca\" data-element_type=\"container\" data-e-type=\"container\" data-settings=\"{&quot;background_background&quot;:&quot;classic&quot;}\">\n\t\t\t\t\t<div class=\"e-con-inner\">\n\t\t\t\t<div class=\"elementor-element elementor-element-3b77f52c elementor-widget elementor-widget-heading\" data-id=\"3b77f52c\" data-element_type=\"widget\" data-e-type=\"widget\" data-widget_type=\"heading.default\">\n\t\t\t\t\t<h2 class=\"elementor-heading-title elementor-size-default\">Juhtimise \u00fclevaade\n\n<\/h2>\t\t\t\t<\/div>\n\t\t\t\t<div class=\"elementor-element elementor-element-7a3846aa elementor-widget-divider--view-line elementor-widget elementor-widget-divider\" data-id=\"7a3846aa\" data-element_type=\"widget\" data-e-type=\"widget\" data-widget_type=\"divider.default\">\n\t\t\t\t\t\t\t<div class=\"elementor-divider\">\n\t\t\t<span class=\"elementor-divider-separator\">\n\t\t\t\t\t\t<\/span>\n\t\t<\/div>\n\t\t\t\t\t\t<\/div>\n\t\t\t\t<div class=\"elementor-element elementor-element-b89edda elementor-widget elementor-widget-spacer\" data-id=\"b89edda\" data-element_type=\"widget\" data-e-type=\"widget\" data-widget_type=\"spacer.default\">\n\t\t\t\t\t\t\t<div class=\"elementor-spacer\">\n\t\t\t<div class=\"elementor-spacer-inner\"><\/div>\n\t\t<\/div>\n\t\t\t\t\t\t<\/div>\n\t\t<div class=\"elementor-element elementor-element-18a6c0e7 e-grid e-con-full e-con e-child\" data-id=\"18a6c0e7\" data-element_type=\"container\" data-e-type=\"container\" data-settings=\"{&quot;background_background&quot;:&quot;classic&quot;}\">\n\t\t\t\t<div class=\"elementor-element elementor-element-142ab4f6 elementor-widget elementor-widget-text-editor\" data-id=\"142ab4f6\" data-element_type=\"widget\" data-e-type=\"widget\" data-widget_type=\"text-editor.default\">\n\t\t\t\t\t\t\t\t\t<p data-start=\"1127\" data-end=\"1286\">Praesidium Defence tegutseb juhtimisraamistiku alusel, mis on loodud toetama vastutustundlikku, l\u00e4bipaistvat ja hindamisp\u00f5hist kaasamist kaitsevaldkonna sidusr\u00fchmadega.<\/p><p data-start=\"1288\" data-end=\"1543\">Ettev\u00f5tte tegevused on teadlikult piiratud tehnilise hindamise, eksperimenteerimise toetamise ja v\u00f5imekuse uurimisega. Praesidium Defence ei tegutse hankija, platvormi tarnija ega s\u00fcsteemiintegraatorina operatiivseks kasutuselev\u00f5tuks. <\/p><p data-start=\"1545\" data-end=\"1721\">Kogu tegevus viiakse l\u00e4bi koosk\u00f5las Eesti seaduste, kohaldatavate Euroopa Liidu m\u00e4\u00e4ruste ning asjakohaste NATO eksperimenteerimispraktikatega kaitseeksperimenteerimise ja innovatsiooni valdkonnas.<\/p>\t\t\t\t\t\t\t\t<\/div>\n\t\t\t\t<\/div>\n\t\t\t\t<div class=\"elementor-element elementor-element-2cc43620 elementor-widget elementor-widget-heading\" data-id=\"2cc43620\" data-element_type=\"widget\" data-e-type=\"widget\" data-widget_type=\"heading.default\">\n\t\t\t\t\t<h2 class=\"elementor-heading-title elementor-size-default\">Roll ja vastutus<\/h2>\t\t\t\t<\/div>\n\t\t\t\t<div class=\"elementor-element elementor-element-fa14173 elementor-widget-divider--view-line elementor-widget elementor-widget-divider\" data-id=\"fa14173\" data-element_type=\"widget\" data-e-type=\"widget\" data-widget_type=\"divider.default\">\n\t\t\t\t\t\t\t<div class=\"elementor-divider\">\n\t\t\t<span class=\"elementor-divider-separator\">\n\t\t\t\t\t\t<\/span>\n\t\t<\/div>\n\t\t\t\t\t\t<\/div>\n\t\t\t\t<div class=\"elementor-element elementor-element-76ba699b elementor-widget elementor-widget-spacer\" data-id=\"76ba699b\" data-element_type=\"widget\" data-e-type=\"widget\" data-widget_type=\"spacer.default\">\n\t\t\t\t\t\t\t<div class=\"elementor-spacer\">\n\t\t\t<div class=\"elementor-spacer-inner\"><\/div>\n\t\t<\/div>\n\t\t\t\t\t\t<\/div>\n\t\t<div class=\"elementor-element elementor-element-770ab603 e-grid e-con-full e-con e-child\" data-id=\"770ab603\" data-element_type=\"container\" data-e-type=\"container\" data-settings=\"{&quot;background_background&quot;:&quot;classic&quot;}\">\n\t\t\t\t<div class=\"elementor-element elementor-element-b885b50 elementor-widget elementor-widget-text-editor\" data-id=\"b885b50\" data-element_type=\"widget\" data-e-type=\"widget\" data-widget_type=\"text-editor.default\">\n\t\t\t\t\t\t\t\t\t<p data-start=\"1797\" data-end=\"1943\">Praesidium Defence tegutseb Eesti ankurentiteedina, toetades varajase faasi autonoomia arhitektuuride hindamist kontrollitud tingimustes.<\/p><p data-start=\"1945\" data-end=\"2143\">1. faasi tegevuse k\u00e4igus piirdub Praesidium Defence&#8217;i roll tehnilise koordineerimise, integratsiooni toetamise ja distsiplineeritud hindamistegevuse h\u00f5lbustamisega Kaitseministeeriumi j\u00e4relevalve all.<\/p><p data-start=\"2145\" data-end=\"2288\">Praesidium Defence ei tee operatiivotsuseid, ei juhi s\u00f5jalist tegevust ega v\u00f5ta endale volitusi kasutusele v\u00f5etud s\u00fcsteemide \u00fcle.<\/p>\t\t\t\t\t\t\t\t<\/div>\n\t\t\t\t<\/div>\n\t\t\t\t\t<\/div>\n\t\t\t\t<\/div>\n\t\t<div class=\"elementor-element elementor-element-6cdce04d e-flex e-con-boxed e-con e-parent\" data-id=\"6cdce04d\" data-element_type=\"container\" data-e-type=\"container\" data-settings=\"{&quot;background_background&quot;:&quot;classic&quot;}\">\n\t\t\t\t\t<div class=\"e-con-inner\">\n\t\t\t\t<div class=\"elementor-element elementor-element-1fc02ee6 elementor-widget elementor-widget-heading\" data-id=\"1fc02ee6\" data-element_type=\"widget\" data-e-type=\"widget\" data-widget_type=\"heading.default\">\n\t\t\t\t\t<h2 class=\"elementor-heading-title elementor-size-default\">Riski- ja vastutuse piirid\n\n<\/h2>\t\t\t\t<\/div>\n\t\t\t\t<div class=\"elementor-element elementor-element-41212e2 elementor-widget-divider--view-line elementor-widget elementor-widget-divider\" data-id=\"41212e2\" data-element_type=\"widget\" data-e-type=\"widget\" data-widget_type=\"divider.default\">\n\t\t\t\t\t\t\t<div class=\"elementor-divider\">\n\t\t\t<span class=\"elementor-divider-separator\">\n\t\t\t\t\t\t<\/span>\n\t\t<\/div>\n\t\t\t\t\t\t<\/div>\n\t\t\t\t<div class=\"elementor-element elementor-element-347f074d elementor-widget elementor-widget-spacer\" data-id=\"347f074d\" data-element_type=\"widget\" data-e-type=\"widget\" data-widget_type=\"spacer.default\">\n\t\t\t\t\t\t\t<div class=\"elementor-spacer\">\n\t\t\t<div class=\"elementor-spacer-inner\"><\/div>\n\t\t<\/div>\n\t\t\t\t\t\t<\/div>\n\t\t<div class=\"elementor-element elementor-element-1b890caa e-grid e-con-full e-con e-child\" data-id=\"1b890caa\" data-element_type=\"container\" data-e-type=\"container\" data-settings=\"{&quot;background_background&quot;:&quot;classic&quot;}\">\n\t\t\t\t<div class=\"elementor-element elementor-element-4540ac79 elementor-widget elementor-widget-text-editor\" data-id=\"4540ac79\" data-element_type=\"widget\" data-e-type=\"widget\" data-widget_type=\"text-editor.default\">\n\t\t\t\t\t\t\t\t\t<p data-start=\"2376\" data-end=\"2516\">1. faasi tegevused on eksperimentaalsed ja mitteoperatiivsed. Ei eeldata ega toetata kasutuselev\u00f5ttu, sertifitseerimist ega operatiivset kasutamist. <\/p><p data-start=\"2518\" data-end=\"2746\">Kogu hindamistegevus viiakse l\u00e4bi m\u00e4\u00e4ratletud ulatuse piires, kontrollitud tingimustes ja Kaitseministeeriumi j\u00e4relevalve all. V\u00e4ljaspool hindamise enda konteksti ei esitata v\u00e4iteid ohutuse, t\u00f5hususe ega sobivuse kohta. <\/p><p data-start=\"2748\" data-end=\"2880\">Vastutus operatiivse kasutamise, kasutuselev\u00f5tu otsuste ja v\u00e4gede rakendamise eest j\u00e4\u00e4b ainu\u00fcksi Eesti Kaitseministeeriumile.<\/p>\t\t\t\t\t\t\t\t<\/div>\n\t\t\t\t<\/div>\n\t\t\t\t<div class=\"elementor-element elementor-element-6f15f813 elementor-widget elementor-widget-heading\" data-id=\"6f15f813\" data-element_type=\"widget\" data-e-type=\"widget\" data-widget_type=\"heading.default\">\n\t\t\t\t\t<h2 class=\"elementor-heading-title elementor-size-default\">Eetiline ja ohutusalane seisukoht<\/h2>\t\t\t\t<\/div>\n\t\t\t\t<div class=\"elementor-element elementor-element-ce40d77 elementor-widget-divider--view-line elementor-widget elementor-widget-divider\" data-id=\"ce40d77\" data-element_type=\"widget\" data-e-type=\"widget\" data-widget_type=\"divider.default\">\n\t\t\t\t\t\t\t<div class=\"elementor-divider\">\n\t\t\t<span class=\"elementor-divider-separator\">\n\t\t\t\t\t\t<\/span>\n\t\t<\/div>\n\t\t\t\t\t\t<\/div>\n\t\t\t\t<div class=\"elementor-element elementor-element-59458321 elementor-widget elementor-widget-spacer\" data-id=\"59458321\" data-element_type=\"widget\" data-e-type=\"widget\" data-widget_type=\"spacer.default\">\n\t\t\t\t\t\t\t<div class=\"elementor-spacer\">\n\t\t\t<div class=\"elementor-spacer-inner\"><\/div>\n\t\t<\/div>\n\t\t\t\t\t\t<\/div>\n\t\t<div class=\"elementor-element elementor-element-36863b7a e-grid e-con-full e-con e-child\" data-id=\"36863b7a\" data-element_type=\"container\" data-e-type=\"container\" data-settings=\"{&quot;background_background&quot;:&quot;classic&quot;}\">\n\t\t\t\t<div class=\"elementor-element elementor-element-7aaf5c2 elementor-widget elementor-widget-text-editor\" data-id=\"7aaf5c2\" data-element_type=\"widget\" data-e-type=\"widget\" data-widget_type=\"text-editor.default\">\n\t\t\t\t\t\t\t\t\t<p data-start=\"2964\" data-end=\"3122\">PERSEUS-e arhitektuur, mida hinnatakse Praesidium Defence&#8217;i kaudu, on loodud selge r\u00f5huasetusega selgitatavusele, auditeeritavusele ja s\u00e4ilitatud inimkontrollile.<\/p><p data-start=\"3124\" data-end=\"3300\">Hinnatava arhitektuuri tehisintellekt ei juhi otseselt t\u00e4itureid, ei vali ega haara sihtm\u00e4rke ega asenda inimk\u00e4sklust v\u00f5i -kontrolli.<\/p><p data-start=\"3302\" data-end=\"3432\">Hindamistegevus viiakse l\u00e4bi m\u00f5istmise ja riskide v\u00e4hendamise toetamiseks, mitte kasutuselev\u00f5tu v\u00f5i v\u00f5imekuse omaksv\u00f5tu kiirendamiseks.<\/p>\t\t\t\t\t\t\t\t<\/div>\n\t\t\t\t<\/div>\n\t\t\t\t\t<\/div>\n\t\t\t\t<\/div>\n\t\t<div class=\"elementor-element elementor-element-4a68a913 e-flex e-con-boxed e-con e-parent\" data-id=\"4a68a913\" data-element_type=\"container\" data-e-type=\"container\" data-settings=\"{&quot;background_background&quot;:&quot;classic&quot;}\">\n\t\t\t\t\t<div class=\"e-con-inner\">\n\t\t\t\t<div class=\"elementor-element elementor-element-d5c1df5 elementor-widget elementor-widget-heading\" data-id=\"d5c1df5\" data-element_type=\"widget\" data-e-type=\"widget\" data-widget_type=\"heading.default\">\n\t\t\t\t\t<h2 class=\"elementor-heading-title elementor-size-default\">Andmed ja v\u00e4ljundid\n\n<\/h2>\t\t\t\t<\/div>\n\t\t\t\t<div class=\"elementor-element elementor-element-d3fb431 elementor-widget-divider--view-line elementor-widget elementor-widget-divider\" data-id=\"d3fb431\" data-element_type=\"widget\" data-e-type=\"widget\" data-widget_type=\"divider.default\">\n\t\t\t\t\t\t\t<div class=\"elementor-divider\">\n\t\t\t<span class=\"elementor-divider-separator\">\n\t\t\t\t\t\t<\/span>\n\t\t<\/div>\n\t\t\t\t\t\t<\/div>\n\t\t\t\t<div class=\"elementor-element elementor-element-493f471f elementor-widget elementor-widget-spacer\" data-id=\"493f471f\" data-element_type=\"widget\" data-e-type=\"widget\" data-widget_type=\"spacer.default\">\n\t\t\t\t\t\t\t<div class=\"elementor-spacer\">\n\t\t\t<div class=\"elementor-spacer-inner\"><\/div>\n\t\t<\/div>\n\t\t\t\t\t\t<\/div>\n\t\t<div class=\"elementor-element elementor-element-26bca898 e-grid e-con-full e-con e-child\" data-id=\"26bca898\" data-element_type=\"container\" data-e-type=\"container\" data-settings=\"{&quot;background_background&quot;:&quot;classic&quot;}\">\n\t\t\t\t<div class=\"elementor-element elementor-element-b38cb7 elementor-widget elementor-widget-text-editor\" data-id=\"b38cb7\" data-element_type=\"widget\" data-e-type=\"widget\" data-widget_type=\"text-editor.default\">\n\t\t\t\t\t\t\t\t\t<p data-start=\"3507\" data-end=\"3641\">K\u00f5iki andmeid, artefakte, logisid ja hindamisv\u00e4ljundeid, mis on loodud 1. faasi tegevuse k\u00e4igus, k\u00e4sitletakse Kaitseministeeriumile kuuluva materjalina.<\/p><p data-start=\"3643\" data-end=\"3774\">Praesidium Defence ei avalda, avalikusta ega viita v\u00e4liselt hindamistulemustele ilma ministeeriumi selges\u00f5nalise loata.<\/p><p data-start=\"3776\" data-end=\"3889\">\u00dckski v\u00e4line valideerimine, sertifitseerimine ega heakskiit ei tulene 1. faasi hindamistegevuses osalemisest.<\/p>\t\t\t\t\t\t\t\t<\/div>\n\t\t\t\t<\/div>\n\t\t\t\t\t<\/div>\n\t\t\t\t<\/div>\n\t\t<div class=\"elementor-element elementor-element-2441796 e-flex e-con-boxed e-con e-parent\" data-id=\"2441796\" data-element_type=\"container\" data-e-type=\"container\" data-settings=\"{&quot;background_background&quot;:&quot;classic&quot;}\">\n\t\t\t\t\t<div class=\"e-con-inner\">\n\t\t\t\t<div class=\"elementor-element elementor-element-b77749a elementor-widget elementor-widget-heading\" data-id=\"b77749a\" data-element_type=\"widget\" data-e-type=\"widget\" data-widget_type=\"heading.default\">\n\t\t\t\t\t<h2 class=\"elementor-heading-title elementor-size-default\">Seos hankega\n<\/h2>\t\t\t\t<\/div>\n\t\t\t\t<div class=\"elementor-element elementor-element-bfe866e elementor-widget-divider--view-line elementor-widget elementor-widget-divider\" data-id=\"bfe866e\" data-element_type=\"widget\" data-e-type=\"widget\" data-widget_type=\"divider.default\">\n\t\t\t\t\t\t\t<div class=\"elementor-divider\">\n\t\t\t<span class=\"elementor-divider-separator\">\n\t\t\t\t\t\t<\/span>\n\t\t<\/div>\n\t\t\t\t\t\t<\/div>\n\t\t\t\t<div class=\"elementor-element elementor-element-b6740c6 elementor-widget elementor-widget-spacer\" data-id=\"b6740c6\" data-element_type=\"widget\" data-e-type=\"widget\" data-widget_type=\"spacer.default\">\n\t\t\t\t\t\t\t<div class=\"elementor-spacer\">\n\t\t\t<div class=\"elementor-spacer-inner\"><\/div>\n\t\t<\/div>\n\t\t\t\t\t\t<\/div>\n\t\t<div class=\"elementor-element elementor-element-13c6e52 e-grid e-con-full e-con e-child\" data-id=\"13c6e52\" data-element_type=\"container\" data-e-type=\"container\" data-settings=\"{&quot;background_background&quot;:&quot;classic&quot;}\">\n\t\t\t\t<div class=\"elementor-element elementor-element-b7402e2 elementor-widget elementor-widget-text-editor\" data-id=\"b7402e2\" data-element_type=\"widget\" data-e-type=\"widget\" data-widget_type=\"text-editor.default\">\n\t\t\t\t\t\t\t\t\t<p data-start=\"3973\" data-end=\"4117\">Kaasamine Praesidium Defence&#8217;iga ei kujuta endast hanketegevust ega loo omandamise kavatsust, kohustust ega eelistust.<\/p><p data-start=\"4119\" data-end=\"4373\">1. faasi hindamistegevus on selgelt eraldatud hankemenetluse otsustusprotsessidest. Igasugune tulevane v\u00f5imekuse arendamise v\u00f5i omandamise kaalumine n\u00f5uaks eraldi, s\u00f5ltumatuid otsustusprotsesse, mille algataks Kaitseministeerium.<\/p><p data-start=\"4375\" data-end=\"4468\">1. faasis osalemisest ei tohiks j\u00e4reldada eeldusi j\u00e4rgnevate tegevuste kohta.<\/p>\t\t\t\t\t\t\t\t<\/div>\n\t\t\t\t<\/div>\n\t\t\t\t<div class=\"elementor-element elementor-element-0d46543 elementor-widget elementor-widget-spacer\" data-id=\"0d46543\" data-element_type=\"widget\" data-e-type=\"widget\" data-widget_type=\"spacer.default\">\n\t\t\t\t\t\t\t<div class=\"elementor-spacer\">\n\t\t\t<div class=\"elementor-spacer-inner\"><\/div>\n\t\t<\/div>\n\t\t\t\t\t\t<\/div>\n\t\t\t\t\t<\/div>\n\t\t\t\t<\/div>\n\t\t<div class=\"elementor-element elementor-element-4d0b20d e-flex e-con-boxed e-con e-parent\" data-id=\"4d0b20d\" data-element_type=\"container\" data-e-type=\"container\" data-settings=\"{&quot;background_background&quot;:&quot;classic&quot;}\">\n\t\t\t\t\t<div class=\"e-con-inner\">\n\t\t\t\t<div class=\"elementor-element elementor-element-2079860 elementor-widget elementor-widget-heading\" data-id=\"2079860\" data-element_type=\"widget\" data-e-type=\"widget\" data-widget_type=\"heading.default\">\n\t\t\t\t\t<h2 class=\"elementor-heading-title elementor-size-default\">L\u00f5pps\u00f5na\n<\/h2>\t\t\t\t<\/div>\n\t\t\t\t<div class=\"elementor-element elementor-element-b56a1d6 elementor-widget-divider--view-line elementor-widget elementor-widget-divider\" data-id=\"b56a1d6\" data-element_type=\"widget\" data-e-type=\"widget\" data-widget_type=\"divider.default\">\n\t\t\t\t\t\t\t<div class=\"elementor-divider\">\n\t\t\t<span class=\"elementor-divider-separator\">\n\t\t\t\t\t\t<\/span>\n\t\t<\/div>\n\t\t\t\t\t\t<\/div>\n\t\t\t\t<div class=\"elementor-element elementor-element-750e916 elementor-widget elementor-widget-spacer\" data-id=\"750e916\" data-element_type=\"widget\" data-e-type=\"widget\" data-widget_type=\"spacer.default\">\n\t\t\t\t\t\t\t<div class=\"elementor-spacer\">\n\t\t\t<div class=\"elementor-spacer-inner\"><\/div>\n\t\t<\/div>\n\t\t\t\t\t\t<\/div>\n\t\t<div class=\"elementor-element elementor-element-eee5a4f e-grid e-con-full e-con e-child\" data-id=\"eee5a4f\" data-element_type=\"container\" data-e-type=\"container\" data-settings=\"{&quot;background_background&quot;:&quot;classic&quot;}\">\n\t\t\t\t<div class=\"elementor-element elementor-element-9e937a8 elementor-widget elementor-widget-text-editor\" data-id=\"9e937a8\" data-element_type=\"widget\" data-e-type=\"widget\" data-widget_type=\"text-editor.default\">\n\t\t\t\t\t\t\t\t\t<p data-start=\"4543\" data-end=\"4708\">Praesidium Defence&#8217;i eesm\u00e4rk on toetada distsiplineeritud, madala riskiga esilekerkivate autonoomiakontseptsioonide uurimist, kus sellist uurimist peavad kasulikuks kaitsevaldkonna sidusr\u00fchmad.<\/p><p data-start=\"4710\" data-end=\"4878\">Juhtimisstruktuurid on teadlikult konservatiivsed, l\u00e4bipaistvad ja loodud kaitsma ministeeriumi otsustajaid tahtmatute kohustuste, riskide v\u00f5i eskalatsiooni eest.<\/p>\t\t\t\t\t\t\t\t<\/div>\n\t\t\t\t<\/div>\n\t\t\t\t<div class=\"elementor-element elementor-element-48c9a3c elementor-widget elementor-widget-spacer\" data-id=\"48c9a3c\" data-element_type=\"widget\" data-e-type=\"widget\" data-widget_type=\"spacer.default\">\n\t\t\t\t\t\t\t<div class=\"elementor-spacer\">\n\t\t\t<div class=\"elementor-spacer-inner\"><\/div>\n\t\t<\/div>\n\t\t\t\t\t\t<\/div>\n\t\t\t\t\t<\/div>\n\t\t\t\t<\/div>\n\t\t<div class=\"elementor-element elementor-element-745b865 e-flex e-con-boxed e-con e-parent\" data-id=\"745b865\" data-element_type=\"container\" data-e-type=\"container\" data-settings=\"{&quot;background_background&quot;:&quot;classic&quot;}\">\n\t\t\t\t\t<div class=\"e-con-inner\">\n\t\t\t\t<div class=\"elementor-element elementor-element-0fe3a9d elementor-widget elementor-widget-heading\" data-id=\"0fe3a9d\" data-element_type=\"widget\" data-e-type=\"widget\" data-widget_type=\"heading.default\">\n\t\t\t\t\t<h2 class=\"elementor-heading-title elementor-size-default\">Lisateave\n<\/h2>\t\t\t\t<\/div>\n\t\t\t\t<div class=\"elementor-element elementor-element-15e86d4 elementor-widget-divider--view-line elementor-widget elementor-widget-divider\" data-id=\"15e86d4\" data-element_type=\"widget\" data-e-type=\"widget\" data-widget_type=\"divider.default\">\n\t\t\t\t\t\t\t<div class=\"elementor-divider\">\n\t\t\t<span class=\"elementor-divider-separator\">\n\t\t\t\t\t\t<\/span>\n\t\t<\/div>\n\t\t\t\t\t\t<\/div>\n\t\t\t\t<div class=\"elementor-element elementor-element-069293a elementor-widget elementor-widget-spacer\" data-id=\"069293a\" data-element_type=\"widget\" data-e-type=\"widget\" data-widget_type=\"spacer.default\">\n\t\t\t\t\t\t\t<div class=\"elementor-spacer\">\n\t\t\t<div class=\"elementor-spacer-inner\"><\/div>\n\t\t<\/div>\n\t\t\t\t\t\t<\/div>\n\t\t<div class=\"elementor-element elementor-element-1ea2bd8 e-grid e-con-full e-con e-child\" data-id=\"1ea2bd8\" data-element_type=\"container\" data-e-type=\"container\" data-settings=\"{&quot;background_background&quot;:&quot;classic&quot;}\">\n\t\t\t\t<div class=\"elementor-element elementor-element-124eaa1 elementor-widget elementor-widget-text-editor\" data-id=\"124eaa1\" data-element_type=\"widget\" data-e-type=\"widget\" data-widget_type=\"text-editor.default\">\n\t\t\t\t\t\t\t\t\t<p data-start=\"4543\" data-end=\"4708\">Ametlike tehnilise hindamise v\u00f5i kaitsevaldkonna eksperimenteerimisega seotud p\u00e4ringute korral palume tutvuda 1. faasi hindamise \u00fclevaatega v\u00f5i v\u00f5tta \u00fchendust Praesidium Defence&#8217;iga ametlike kanalite kaudu.<\/p>\t\t\t\t\t\t\t\t<\/div>\n\t\t\t\t<\/div>\n\t\t\t\t<div class=\"elementor-element elementor-element-9c0e992 elementor-widget elementor-widget-spacer\" data-id=\"9c0e992\" data-element_type=\"widget\" data-e-type=\"widget\" data-widget_type=\"spacer.default\">\n\t\t\t\t\t\t\t<div class=\"elementor-spacer\">\n\t\t\t<div class=\"elementor-spacer-inner\"><\/div>\n\t\t<\/div>\n\t\t\t\t\t\t<\/div>\n\t\t\t\t\t<\/div>\n\t\t\t\t<\/div>\n\t\t<div class=\"elementor-element elementor-element-4f0548d9 e-flex e-con-boxed e-con e-parent\" data-id=\"4f0548d9\" data-element_type=\"container\" data-e-type=\"container\" data-settings=\"{&quot;background_background&quot;:&quot;classic&quot;}\">\n\t\t\t\t\t<div class=\"e-con-inner\">\n\t\t\t\t\t<\/div>\n\t\t\t\t<\/div>\n\t\t<div class=\"elementor-element elementor-element-3724842e e-flex e-con-boxed e-con e-parent\" data-id=\"3724842e\" data-element_type=\"container\" data-e-type=\"container\">\n\t\t\t\t\t<div class=\"e-con-inner\">\n\t\t\t\t\t<\/div>\n\t\t\t\t<\/div>\n\t\t\t\t<\/div>\n\t\t","protected":false},"excerpt":{"rendered":"<p>Juhtimine ja vastutus Vastutustundliku, hindamisp\u00f5hise kaitsevaldkonna kaasamise raamistik. Juhtimise \u00fclevaade Praesidium Defence tegutseb juhtimisraamistiku alusel, mis on loodud toetama vastutustundlikku, l\u00e4bipaistvat ja hindamisp\u00f5hist kaasamist kaitsevaldkonna sidusr\u00fchmadega. Ettev\u00f5tte tegevused on teadlikult piiratud tehnilise hindamise, eksperimenteerimise toetamise ja v\u00f5imekuse uurimisega. Praesidium Defence ei tegutse hankija, platvormi tarnija ega s\u00fcsteemiintegraatorina operatiivseks kasutuselev\u00f5tuks. Kogu tegevus viiakse l\u00e4bi koosk\u00f5las Eesti [&hellip;]<\/p>\n","protected":false},"author":1,"featured_media":0,"parent":0,"menu_order":0,"comment_status":"closed","ping_status":"closed","template":"","meta":{"footnotes":""},"class_list":["post-1104","page","type-page","status-publish","hentry"],"blocksy_meta":[],"_links":{"self":[{"href":"https:\/\/praesidiumdefence.ee\/et\/wp-json\/wp\/v2\/pages\/1104","targetHints":{"allow":["GET"]}}],"collection":[{"href":"https:\/\/praesidiumdefence.ee\/et\/wp-json\/wp\/v2\/pages"}],"about":[{"href":"https:\/\/praesidiumdefence.ee\/et\/wp-json\/wp\/v2\/types\/page"}],"author":[{"embeddable":true,"href":"https:\/\/praesidiumdefence.ee\/et\/wp-json\/wp\/v2\/users\/1"}],"replies":[{"embeddable":true,"href":"https:\/\/praesidiumdefence.ee\/et\/wp-json\/wp\/v2\/comments?post=1104"}],"version-history":[{"count":3,"href":"https:\/\/praesidiumdefence.ee\/et\/wp-json\/wp\/v2\/pages\/1104\/revisions"}],"predecessor-version":[{"id":1218,"href":"https:\/\/praesidiumdefence.ee\/et\/wp-json\/wp\/v2\/pages\/1104\/revisions\/1218"}],"wp:attachment":[{"href":"https:\/\/praesidiumdefence.ee\/et\/wp-json\/wp\/v2\/media?parent=1104"}],"curies":[{"name":"wp","href":"https:\/\/api.w.org\/{rel}","templated":true}]}}