{"id":1092,"date":"2025-12-30T13:25:53","date_gmt":"2025-12-30T03:25:53","guid":{"rendered":"https:\/\/praesidiumdefence.ee\/praesidiumist\/"},"modified":"2026-01-22T18:03:20","modified_gmt":"2026-01-22T08:03:20","slug":"praesidiumist","status":"publish","type":"page","link":"https:\/\/praesidiumdefence.ee\/et\/praesidiumist\/","title":{"rendered":"Praesidiumist"},"content":{"rendered":"\t\t<div data-elementor-type=\"wp-page\" data-elementor-id=\"1092\" class=\"elementor elementor-1092 elementor-58\" data-elementor-post-type=\"page\">\n\t\t\t\t<main class=\"elementor-element elementor-element-3875d52b e-flex e-con-boxed e-con e-parent\" data-id=\"3875d52b\" data-element_type=\"container\" data-e-type=\"container\" data-settings=\"{&quot;background_background&quot;:&quot;classic&quot;}\">\n\t\t\t\t\t<div class=\"e-con-inner\">\n\t\t\t\t<div class=\"elementor-element elementor-element-1d3cdfd4 elementor-widget__width-initial elementor-widget elementor-widget-heading\" data-id=\"1d3cdfd4\" data-element_type=\"widget\" data-e-type=\"widget\" data-widget_type=\"heading.default\">\n\t\t\t\t\t<h1 class=\"elementor-heading-title elementor-size-default\">Praesidium Defence'ist<\/h1>\t\t\t\t<\/div>\n\t\t\t\t<div class=\"elementor-element elementor-element-458579ef elementor-widget__width-initial elementor-widget elementor-widget-text-editor\" data-id=\"458579ef\" data-element_type=\"widget\" data-e-type=\"widget\" data-widget_type=\"text-editor.default\">\n\t\t\t\t\t\t\t\t\t<p>Eestis registreeritud kaitset\u00f6\u00f6stusettev\u00f5te, mis toetab hindamisp\u00f5hist autonoomia hindamist.<\/p>\t\t\t\t\t\t\t\t<\/div>\n\t\t\t\t\t<\/div>\n\t\t\t\t<\/main>\n\t\t<div class=\"elementor-element elementor-element-d61a6fb e-flex e-con-boxed e-con e-parent\" data-id=\"d61a6fb\" data-element_type=\"container\" data-e-type=\"container\" data-settings=\"{&quot;background_background&quot;:&quot;classic&quot;}\">\n\t\t\t\t\t<div class=\"e-con-inner\">\n\t\t\t\t<div class=\"elementor-element elementor-element-0f39acc elementor-widget elementor-widget-spacer\" data-id=\"0f39acc\" data-element_type=\"widget\" data-e-type=\"widget\" data-widget_type=\"spacer.default\">\n\t\t\t\t\t\t\t<div class=\"elementor-spacer\">\n\t\t\t<div class=\"elementor-spacer-inner\"><\/div>\n\t\t<\/div>\n\t\t\t\t\t\t<\/div>\n\t\t\t\t\t<\/div>\n\t\t\t\t<\/div>\n\t\t<div class=\"elementor-element elementor-element-7dc66513 e-flex e-con-boxed e-con e-parent\" data-id=\"7dc66513\" data-element_type=\"container\" data-e-type=\"container\" data-settings=\"{&quot;background_background&quot;:&quot;classic&quot;}\">\n\t\t\t\t\t<div class=\"e-con-inner\">\n\t\t\t\t<div class=\"elementor-element elementor-element-5b21128e elementor-widget elementor-widget-heading\" data-id=\"5b21128e\" data-element_type=\"widget\" data-e-type=\"widget\" data-widget_type=\"heading.default\">\n\t\t\t\t\t<h2 class=\"elementor-heading-title elementor-size-default\">Ettev\u00f5tte \u00fclevaade\n\n<\/h2>\t\t\t\t<\/div>\n\t\t\t\t<div class=\"elementor-element elementor-element-342ab3c6 elementor-widget-divider--view-line elementor-widget elementor-widget-divider\" data-id=\"342ab3c6\" data-element_type=\"widget\" data-e-type=\"widget\" data-widget_type=\"divider.default\">\n\t\t\t\t\t\t\t<div class=\"elementor-divider\">\n\t\t\t<span class=\"elementor-divider-separator\">\n\t\t\t\t\t\t<\/span>\n\t\t<\/div>\n\t\t\t\t\t\t<\/div>\n\t\t\t\t<div class=\"elementor-element elementor-element-493bb904 elementor-widget elementor-widget-spacer\" data-id=\"493bb904\" data-element_type=\"widget\" data-e-type=\"widget\" data-widget_type=\"spacer.default\">\n\t\t\t\t\t\t\t<div class=\"elementor-spacer\">\n\t\t\t<div class=\"elementor-spacer-inner\"><\/div>\n\t\t<\/div>\n\t\t\t\t\t\t<\/div>\n\t\t<div class=\"elementor-element elementor-element-16bc8585 e-grid e-con-full e-con e-child\" data-id=\"16bc8585\" data-element_type=\"container\" data-e-type=\"container\" data-settings=\"{&quot;background_background&quot;:&quot;classic&quot;}\">\n\t\t\t\t<div class=\"elementor-element elementor-element-376f1ed4 elementor-widget elementor-widget-text-editor\" data-id=\"376f1ed4\" data-element_type=\"widget\" data-e-type=\"widget\" data-widget_type=\"text-editor.default\">\n\t\t\t\t\t\t\t\t\t<p data-start=\"1288\" data-end=\"1481\">Praesidium Defence O\u00dc on Eestis registreeritud kaitset\u00f6\u00f6stusettev\u00f5te, mis on loodud toetama distsiplineeritud, hindamisp\u00f5hist uute autonoomiakontseptsioonide uurimist, mis on olulised kaasaegsete maapealsete operatsioonide jaoks.<br><br>Praesidium Defence toetab PERSEUS autonoomiaarhitektuuri hindamist, mis koosneb taju moodulist ja Doktriini Loogika Mootorist (DLE) ning mis on praegu arendamisel ja ei ole juurutatav s\u00fcsteem.<\/p><p data-start=\"1483\" data-end=\"1650\">Ettev\u00f5tte eesm\u00e4rk on v\u00f5imaldada struktureeritud tehnilist hindamist ja \u00f5ppimist Kaitseministeeriumi j\u00e4relevalve all, mitte aga edendada v\u00f5i tarnida valmis v\u00f5imekusi.<\/p><p data-start=\"1652\" data-end=\"1793\">Praesidium Defence tegutseb Eesti ankurentiteedina Baseeri, praegu arendamisel oleva autonoomiaarhitektuuri hindamisel.<\/p>\t\t\t\t\t\t\t\t<\/div>\n\t\t\t\t<\/div>\n\t\t\t\t<div class=\"elementor-element elementor-element-43bda0b0 elementor-widget elementor-widget-heading\" data-id=\"43bda0b0\" data-element_type=\"widget\" data-e-type=\"widget\" data-widget_type=\"heading.default\">\n\t\t\t\t\t<h2 class=\"elementor-heading-title elementor-size-default\">Eesm\u00e4rk ja positsioneerimine<\/h2>\t\t\t\t<\/div>\n\t\t\t\t<div class=\"elementor-element elementor-element-9388bad elementor-widget-divider--view-line elementor-widget elementor-widget-divider\" data-id=\"9388bad\" data-element_type=\"widget\" data-e-type=\"widget\" data-widget_type=\"divider.default\">\n\t\t\t\t\t\t\t<div class=\"elementor-divider\">\n\t\t\t<span class=\"elementor-divider-separator\">\n\t\t\t\t\t\t<\/span>\n\t\t<\/div>\n\t\t\t\t\t\t<\/div>\n\t\t\t\t<div class=\"elementor-element elementor-element-3a02244b elementor-widget elementor-widget-spacer\" data-id=\"3a02244b\" data-element_type=\"widget\" data-e-type=\"widget\" data-widget_type=\"spacer.default\">\n\t\t\t\t\t\t\t<div class=\"elementor-spacer\">\n\t\t\t<div class=\"elementor-spacer-inner\"><\/div>\n\t\t<\/div>\n\t\t\t\t\t\t<\/div>\n\t\t<div class=\"elementor-element elementor-element-6447373a e-grid e-con-full e-con e-child\" data-id=\"6447373a\" data-element_type=\"container\" data-e-type=\"container\" data-settings=\"{&quot;background_background&quot;:&quot;classic&quot;}\">\n\t\t\t\t<div class=\"elementor-element elementor-element-24668358 elementor-widget elementor-widget-text-editor\" data-id=\"24668358\" data-element_type=\"widget\" data-e-type=\"widget\" data-widget_type=\"text-editor.default\">\n\t\t\t\t\t\t\t\t\t<p data-start=\"1869\" data-end=\"2060\">Praesidium Defence loodi, tunnistades kasvavat l\u00f5het autonoomiauuringute kiire arengu ja kaitseinstitutsioonide poolt vajaliku hoolika, doktriiniga koosk\u00f5las oleva hindamise vahel.<\/p><p data-start=\"2062\" data-end=\"2290\">Ettev\u00f5tte eesm\u00e4rk on aidata kaitsevaldkonna sidusr\u00fchmadel v\u00e4hendada ebakindlust, pakkudes kontrollitud, tehniliselt p\u00f5hjendatud viisi varajase faasi autonoomiaarhitektuuride hindamiseks enne mis tahes hankimise v\u00f5i juurutamise kaalumist.<\/p><p data-start=\"2292\" data-end=\"2454\">Praesidium Defence ei p\u00fc\u00fca kiirendada kasutuselev\u00f5ttu ega propageerida tulemusi. Selle roll piirdub teadliku hindamise ja vastutustundliku otsustamise v\u00f5imaldamisega. <\/p>\t\t\t\t\t\t\t\t<\/div>\n\t\t\t\t<\/div>\n\t\t\t\t\t<\/div>\n\t\t\t\t<\/div>\n\t\t<div class=\"elementor-element elementor-element-17f3f484 e-flex e-con-boxed e-con e-parent\" data-id=\"17f3f484\" data-element_type=\"container\" data-e-type=\"container\" data-settings=\"{&quot;background_background&quot;:&quot;classic&quot;}\">\n\t\t\t\t\t<div class=\"e-con-inner\">\n\t\t\t\t<div class=\"elementor-element elementor-element-1738bb72 elementor-widget elementor-widget-heading\" data-id=\"1738bb72\" data-element_type=\"widget\" data-e-type=\"widget\" data-widget_type=\"heading.default\">\n\t\t\t\t\t<h2 class=\"elementor-heading-title elementor-size-default\">Eesti-keskne kaasamine\n\n<\/h2>\t\t\t\t<\/div>\n\t\t\t\t<div class=\"elementor-element elementor-element-605e8ed elementor-widget-divider--view-line elementor-widget elementor-widget-divider\" data-id=\"605e8ed\" data-element_type=\"widget\" data-e-type=\"widget\" data-widget_type=\"divider.default\">\n\t\t\t\t\t\t\t<div class=\"elementor-divider\">\n\t\t\t<span class=\"elementor-divider-separator\">\n\t\t\t\t\t\t<\/span>\n\t\t<\/div>\n\t\t\t\t\t\t<\/div>\n\t\t\t\t<div class=\"elementor-element elementor-element-57ba0ed5 elementor-widget elementor-widget-spacer\" data-id=\"57ba0ed5\" data-element_type=\"widget\" data-e-type=\"widget\" data-widget_type=\"spacer.default\">\n\t\t\t\t\t\t\t<div class=\"elementor-spacer\">\n\t\t\t<div class=\"elementor-spacer-inner\"><\/div>\n\t\t<\/div>\n\t\t\t\t\t\t<\/div>\n\t\t<div class=\"elementor-element elementor-element-48a1e4c e-grid e-con-full e-con e-child\" data-id=\"48a1e4c\" data-element_type=\"container\" data-e-type=\"container\" data-settings=\"{&quot;background_background&quot;:&quot;classic&quot;}\">\n\t\t\t\t<div class=\"elementor-element elementor-element-5f79f7d2 elementor-widget elementor-widget-text-editor\" data-id=\"5f79f7d2\" data-element_type=\"widget\" data-e-type=\"widget\" data-widget_type=\"text-editor.default\">\n\t\t\t\t\t\t\t\t\t<p data-start=\"2532\" data-end=\"2617\">Eesti on esimene teadlik hindamispartner Praesidium Defence&#8217;i tegevuste jaoks.<\/p><p data-start=\"2619\" data-end=\"2780\">Kogu esialgne hindamistegevus on ankurdatud Eestisse ning on koosk\u00f5las riikliku maastiku, operatiivkonteksti ja NATO-ga seotud kaitsevaldkonna eksperimenteerimispraktikatega.<\/p><p data-start=\"2782\" data-end=\"2900\">Praesidium Defence teeb Eestiga koost\u00f6\u00f6d kui suver\u00e4\u00e4nse hindamisulatuse kaasdefineerijaga, mitte kui kliendi v\u00f5i katsepaigaga.<\/p>\t\t\t\t\t\t\t\t<\/div>\n\t\t\t\t<\/div>\n\t\t\t\t<div class=\"elementor-element elementor-element-209bb810 elementor-widget elementor-widget-heading\" data-id=\"209bb810\" data-element_type=\"widget\" data-e-type=\"widget\" data-widget_type=\"heading.default\">\n\t\t\t\t\t<h2 class=\"elementor-heading-title elementor-size-default\">Tegutsemisviis<\/h2>\t\t\t\t<\/div>\n\t\t\t\t<div class=\"elementor-element elementor-element-0760c12 elementor-widget-divider--view-line elementor-widget elementor-widget-divider\" data-id=\"0760c12\" data-element_type=\"widget\" data-e-type=\"widget\" data-widget_type=\"divider.default\">\n\t\t\t\t\t\t\t<div class=\"elementor-divider\">\n\t\t\t<span class=\"elementor-divider-separator\">\n\t\t\t\t\t\t<\/span>\n\t\t<\/div>\n\t\t\t\t\t\t<\/div>\n\t\t\t\t<div class=\"elementor-element elementor-element-4814dbb2 elementor-widget elementor-widget-spacer\" data-id=\"4814dbb2\" data-element_type=\"widget\" data-e-type=\"widget\" data-widget_type=\"spacer.default\">\n\t\t\t\t\t\t\t<div class=\"elementor-spacer\">\n\t\t\t<div class=\"elementor-spacer-inner\"><\/div>\n\t\t<\/div>\n\t\t\t\t\t\t<\/div>\n\t\t<div class=\"elementor-element elementor-element-6e58e890 e-grid e-con-full e-con e-child\" data-id=\"6e58e890\" data-element_type=\"container\" data-e-type=\"container\" data-settings=\"{&quot;background_background&quot;:&quot;classic&quot;}\">\n\t\t\t\t<div class=\"elementor-element elementor-element-766bce3a elementor-widget elementor-widget-text-editor\" data-id=\"766bce3a\" data-element_type=\"widget\" data-e-type=\"widget\" data-widget_type=\"text-editor.default\">\n\t\t\t\t\t\t\t\t\t<p data-start=\"2964\" data-end=\"3079\">Praesidium Defence tegutseb tihedas koost\u00f6\u00f6s Kaitseministeeriumi sidusr\u00fchmadega hindamistegevuse k\u00e4igus.<\/p><p data-start=\"3081\" data-end=\"3292\">Ettev\u00f5te toetab tehnilist integratsiooni, hindamise seadistamist ja struktureeritud eksperimenteerimist m\u00e4\u00e4ratletud ulatuse ja j\u00e4relevalve all. See ei vii l\u00e4bi iseseisvaid katseid, v\u00e4ljajuurutusi ega j\u00e4relevalveta testimist. <\/p><p data-start=\"3294\" data-end=\"3384\">F\u00fc\u00fcsiline kohalolek Eestis k\u00e4ivitub ainult rahastatud ja heakskiidetud hindamistegevuse korral.<\/p>\t\t\t\t\t\t\t\t<\/div>\n\t\t\t\t<\/div>\n\t\t\t\t\t<\/div>\n\t\t\t\t<\/div>\n\t\t<div class=\"elementor-element elementor-element-4aaa9ea e-flex e-con-boxed e-con e-parent\" data-id=\"4aaa9ea\" data-element_type=\"container\" data-e-type=\"container\" data-settings=\"{&quot;background_background&quot;:&quot;classic&quot;}\">\n\t\t\t\t\t<div class=\"e-con-inner\">\n\t\t\t\t<div class=\"elementor-element elementor-element-ad11f40 elementor-widget elementor-widget-heading\" data-id=\"ad11f40\" data-element_type=\"widget\" data-e-type=\"widget\" data-widget_type=\"heading.default\">\n\t\t\t\t\t<h2 class=\"elementor-heading-title elementor-size-default\">Seos v\u00f5imekuse ja hankimisega\n\n<\/h2>\t\t\t\t<\/div>\n\t\t\t\t<div class=\"elementor-element elementor-element-23331b0 elementor-widget-divider--view-line elementor-widget elementor-widget-divider\" data-id=\"23331b0\" data-element_type=\"widget\" data-e-type=\"widget\" data-widget_type=\"divider.default\">\n\t\t\t\t\t\t\t<div class=\"elementor-divider\">\n\t\t\t<span class=\"elementor-divider-separator\">\n\t\t\t\t\t\t<\/span>\n\t\t<\/div>\n\t\t\t\t\t\t<\/div>\n\t\t\t\t<div class=\"elementor-element elementor-element-232ef1d3 elementor-widget elementor-widget-spacer\" data-id=\"232ef1d3\" data-element_type=\"widget\" data-e-type=\"widget\" data-widget_type=\"spacer.default\">\n\t\t\t\t\t\t\t<div class=\"elementor-spacer\">\n\t\t\t<div class=\"elementor-spacer-inner\"><\/div>\n\t\t<\/div>\n\t\t\t\t\t\t<\/div>\n\t\t<div class=\"elementor-element elementor-element-29478af1 e-grid e-con-full e-con e-child\" data-id=\"29478af1\" data-element_type=\"container\" data-e-type=\"container\" data-settings=\"{&quot;background_background&quot;:&quot;classic&quot;}\">\n\t\t\t\t<div class=\"elementor-element elementor-element-497105f1 elementor-widget elementor-widget-text-editor\" data-id=\"497105f1\" data-element_type=\"widget\" data-e-type=\"widget\" data-widget_type=\"text-editor.default\">\n\t\t\t\t\t\t\t\t\t<p data-start=\"3498\" data-end=\"3600\">Praesidium Defence ei ole hankija ega paku tooteid v\u00f5i s\u00fcsteeme omandamiseks.<\/p><p data-start=\"3602\" data-end=\"3830\">Koost\u00f6\u00f6 Praesidium Defence&#8217;iga ei t\u00e4henda heakskiitu, eelistust ega tulevast hankekavatsust. Mis tahes j\u00e4reltegevuse kaalumine eeldaks Kaitseministeeriumi algatatud eraldi ja s\u00f5ltumatuid otsuseid. <\/p><p data-start=\"3832\" data-end=\"3910\">Ettev\u00f5tte tegevused on tahtlikult piiratud hindamise ja \u00f5ppimisega.<\/p>\t\t\t\t\t\t\t\t<\/div>\n\t\t\t\t<\/div>\n\t\t\t\t\t<\/div>\n\t\t\t\t<\/div>\n\t\t<div class=\"elementor-element elementor-element-70cb2e5 e-flex e-con-boxed e-con e-parent\" data-id=\"70cb2e5\" data-element_type=\"container\" data-e-type=\"container\" data-settings=\"{&quot;background_background&quot;:&quot;classic&quot;}\">\n\t\t\t\t\t<div class=\"e-con-inner\">\n\t\t\t\t<div class=\"elementor-element elementor-element-8de3336 elementor-widget elementor-widget-heading\" data-id=\"8de3336\" data-element_type=\"widget\" data-e-type=\"widget\" data-widget_type=\"heading.default\">\n\t\t\t\t\t<h2 class=\"elementor-heading-title elementor-size-default\">Professionaalsed standardid\n\n<\/h2>\t\t\t\t<\/div>\n\t\t\t\t<div class=\"elementor-element elementor-element-a674a0e elementor-widget-divider--view-line elementor-widget elementor-widget-divider\" data-id=\"a674a0e\" data-element_type=\"widget\" data-e-type=\"widget\" data-widget_type=\"divider.default\">\n\t\t\t\t\t\t\t<div class=\"elementor-divider\">\n\t\t\t<span class=\"elementor-divider-separator\">\n\t\t\t\t\t\t<\/span>\n\t\t<\/div>\n\t\t\t\t\t\t<\/div>\n\t\t\t\t<div class=\"elementor-element elementor-element-860ca6e elementor-widget elementor-widget-spacer\" data-id=\"860ca6e\" data-element_type=\"widget\" data-e-type=\"widget\" data-widget_type=\"spacer.default\">\n\t\t\t\t\t\t\t<div class=\"elementor-spacer\">\n\t\t\t<div class=\"elementor-spacer-inner\"><\/div>\n\t\t<\/div>\n\t\t\t\t\t\t<\/div>\n\t\t<div class=\"elementor-element elementor-element-d175645 e-grid e-con-full e-con e-child\" data-id=\"d175645\" data-element_type=\"container\" data-e-type=\"container\" data-settings=\"{&quot;background_background&quot;:&quot;classic&quot;}\">\n\t\t\t\t<div class=\"elementor-element elementor-element-c2eb5b2 elementor-widget elementor-widget-text-editor\" data-id=\"c2eb5b2\" data-element_type=\"widget\" data-e-type=\"widget\" data-widget_type=\"text-editor.default\">\n\t\t\t\t\t\t\t\t\t<p data-start=\"3984\" data-end=\"4168\">Praesidium Defence viib oma tegevusi l\u00e4bi vastavalt Eesti seadustele, kohaldatavatele Euroopa Liidu m\u00e4\u00e4rustele ja tunnustatud NATO normidele kaitsevaldkonna eksperimenteerimisel ja innovatsioonis.<\/p><p data-start=\"4170\" data-end=\"4304\">Ettev\u00f5te seab esikohale l\u00e4bipaistvuse, aususe tehnilise k\u00fcpsuse osas ja austuse ministeeriumi omandi\u00f5iguse vastu hindamistulemuste osas.<\/p>\t\t\t\t\t\t\t\t<\/div>\n\t\t\t\t<\/div>\n\t\t\t\t<div class=\"elementor-element elementor-element-2251fa1 elementor-widget elementor-widget-spacer\" data-id=\"2251fa1\" data-element_type=\"widget\" data-e-type=\"widget\" data-widget_type=\"spacer.default\">\n\t\t\t\t\t\t\t<div class=\"elementor-spacer\">\n\t\t\t<div class=\"elementor-spacer-inner\"><\/div>\n\t\t<\/div>\n\t\t\t\t\t\t<\/div>\n\t\t\t\t\t<\/div>\n\t\t\t\t<\/div>\n\t\t<div class=\"elementor-element elementor-element-8ade015 e-flex e-con-boxed e-con e-parent\" data-id=\"8ade015\" data-element_type=\"container\" data-e-type=\"container\" data-settings=\"{&quot;background_background&quot;:&quot;classic&quot;}\">\n\t\t\t\t\t<div class=\"e-con-inner\">\n\t\t\t\t<div class=\"elementor-element elementor-element-46c9802 elementor-widget elementor-widget-heading\" data-id=\"46c9802\" data-element_type=\"widget\" data-e-type=\"widget\" data-widget_type=\"heading.default\">\n\t\t\t\t\t<h2 class=\"elementor-heading-title elementor-size-default\">L\u00f5pps\u00f5na\n\n<\/h2>\t\t\t\t<\/div>\n\t\t\t\t<div class=\"elementor-element elementor-element-8d0e146 elementor-widget-divider--view-line elementor-widget elementor-widget-divider\" data-id=\"8d0e146\" data-element_type=\"widget\" data-e-type=\"widget\" data-widget_type=\"divider.default\">\n\t\t\t\t\t\t\t<div class=\"elementor-divider\">\n\t\t\t<span class=\"elementor-divider-separator\">\n\t\t\t\t\t\t<\/span>\n\t\t<\/div>\n\t\t\t\t\t\t<\/div>\n\t\t\t\t<div class=\"elementor-element elementor-element-973a724 elementor-widget elementor-widget-spacer\" data-id=\"973a724\" data-element_type=\"widget\" data-e-type=\"widget\" data-widget_type=\"spacer.default\">\n\t\t\t\t\t\t\t<div class=\"elementor-spacer\">\n\t\t\t<div class=\"elementor-spacer-inner\"><\/div>\n\t\t<\/div>\n\t\t\t\t\t\t<\/div>\n\t\t<div class=\"elementor-element elementor-element-848ce7c e-grid e-con-full e-con e-child\" data-id=\"848ce7c\" data-element_type=\"container\" data-e-type=\"container\" data-settings=\"{&quot;background_background&quot;:&quot;classic&quot;}\">\n\t\t\t\t<div class=\"elementor-element elementor-element-099ad03 elementor-widget elementor-widget-text-editor\" data-id=\"099ad03\" data-element_type=\"widget\" data-e-type=\"widget\" data-widget_type=\"text-editor.default\">\n\t\t\t\t\t\t\t\t\t<p data-start=\"4368\" data-end=\"4530\">Praesidium Defence on loodud toetama hoolikat ja vastutustundlikku uute autonoomiakontseptsioonide hindamist, kui kaitsevaldkonna sidusr\u00fchmad seda kasulikuks peavad.<\/p><p data-start=\"4532\" data-end=\"4706\">Ettev\u00f5tte roll on tahtlikult piiratud, selle hoiak on teadlikult vaoshoitud ja selle fookus on koosk\u00f5las ministeeriumi otsustusvajadustega, mitte kaubanduslike eesm\u00e4rkidega.<\/p>\t\t\t\t\t\t\t\t<\/div>\n\t\t\t\t<\/div>\n\t\t\t\t<div class=\"elementor-element elementor-element-f9ba1f1 elementor-widget elementor-widget-spacer\" data-id=\"f9ba1f1\" data-element_type=\"widget\" data-e-type=\"widget\" data-widget_type=\"spacer.default\">\n\t\t\t\t\t\t\t<div class=\"elementor-spacer\">\n\t\t\t<div class=\"elementor-spacer-inner\"><\/div>\n\t\t<\/div>\n\t\t\t\t\t\t<\/div>\n\t\t\t\t\t<\/div>\n\t\t\t\t<\/div>\n\t\t<div class=\"elementor-element elementor-element-ba2d2bd e-flex e-con-boxed e-con e-parent\" data-id=\"ba2d2bd\" data-element_type=\"container\" data-e-type=\"container\" data-settings=\"{&quot;background_background&quot;:&quot;classic&quot;}\">\n\t\t\t\t\t<div class=\"e-con-inner\">\n\t\t\t\t<div class=\"elementor-element elementor-element-9d0b294 elementor-widget elementor-widget-heading\" data-id=\"9d0b294\" data-element_type=\"widget\" data-e-type=\"widget\" data-widget_type=\"heading.default\">\n\t\t\t\t\t<h2 class=\"elementor-heading-title elementor-size-default\">Lisateave\n\n<\/h2>\t\t\t\t<\/div>\n\t\t\t\t<div class=\"elementor-element elementor-element-f6fec0d elementor-widget-divider--view-line elementor-widget elementor-widget-divider\" data-id=\"f6fec0d\" data-element_type=\"widget\" data-e-type=\"widget\" data-widget_type=\"divider.default\">\n\t\t\t\t\t\t\t<div class=\"elementor-divider\">\n\t\t\t<span class=\"elementor-divider-separator\">\n\t\t\t\t\t\t<\/span>\n\t\t<\/div>\n\t\t\t\t\t\t<\/div>\n\t\t\t\t<div class=\"elementor-element elementor-element-e106bff elementor-widget elementor-widget-spacer\" data-id=\"e106bff\" data-element_type=\"widget\" data-e-type=\"widget\" data-widget_type=\"spacer.default\">\n\t\t\t\t\t\t\t<div class=\"elementor-spacer\">\n\t\t\t<div class=\"elementor-spacer-inner\"><\/div>\n\t\t<\/div>\n\t\t\t\t\t\t<\/div>\n\t\t<div class=\"elementor-element elementor-element-2100468 e-grid e-con-full e-con e-child\" data-id=\"2100468\" data-element_type=\"container\" data-e-type=\"container\" data-settings=\"{&quot;background_background&quot;:&quot;classic&quot;}\">\n\t\t\t\t<div class=\"elementor-element elementor-element-9f9d1cb elementor-widget elementor-widget-text-editor\" data-id=\"9f9d1cb\" data-element_type=\"widget\" data-e-type=\"widget\" data-widget_type=\"text-editor.default\">\n\t\t\t\t\t\t\t\t\t<p data-start=\"4368\" data-end=\"4530\">Ametlike tehnilise hindamise v\u00f5i kaitsevaldkonna eksperimenteerimisega seotud p\u00e4ringute korral palume tutvuda 1. faasi hindamise \u00fclevaatega v\u00f5i v\u00f5tta \u00fchendust Praesidium Defence&#8217;iga ametlike kanalite kaudu.<\/p>\t\t\t\t\t\t\t\t<\/div>\n\t\t\t\t<\/div>\n\t\t\t\t<div class=\"elementor-element elementor-element-b517201 elementor-widget elementor-widget-spacer\" data-id=\"b517201\" data-element_type=\"widget\" data-e-type=\"widget\" data-widget_type=\"spacer.default\">\n\t\t\t\t\t\t\t<div class=\"elementor-spacer\">\n\t\t\t<div class=\"elementor-spacer-inner\"><\/div>\n\t\t<\/div>\n\t\t\t\t\t\t<\/div>\n\t\t\t\t\t<\/div>\n\t\t\t\t<\/div>\n\t\t<div class=\"elementor-element elementor-element-c321e82 e-flex e-con-boxed e-con e-parent\" data-id=\"c321e82\" data-element_type=\"container\" data-e-type=\"container\" data-settings=\"{&quot;background_background&quot;:&quot;classic&quot;}\">\n\t\t\t\t\t<div class=\"e-con-inner\">\n\t\t\t\t\t<\/div>\n\t\t\t\t<\/div>\n\t\t\t\t<\/div>\n\t\t","protected":false},"excerpt":{"rendered":"<p>Praesidium Defence&#8217;ist Eestis registreeritud kaitset\u00f6\u00f6stusettev\u00f5te, mis toetab hindamisp\u00f5hist autonoomia hindamist. Ettev\u00f5tte \u00fclevaade Praesidium Defence O\u00dc on Eestis registreeritud kaitset\u00f6\u00f6stusettev\u00f5te, mis on loodud toetama distsiplineeritud, hindamisp\u00f5hist uute autonoomiakontseptsioonide uurimist, mis on olulised kaasaegsete maapealsete operatsioonide jaoks. Praesidium Defence toetab PERSEUS autonoomiaarhitektuuri hindamist, mis koosneb taju moodulist ja Doktriini Loogika Mootorist (DLE) ning mis on praegu arendamisel [&hellip;]<\/p>\n","protected":false},"author":1,"featured_media":0,"parent":0,"menu_order":0,"comment_status":"closed","ping_status":"closed","template":"","meta":{"footnotes":""},"class_list":["post-1092","page","type-page","status-publish","hentry"],"blocksy_meta":[],"_links":{"self":[{"href":"https:\/\/praesidiumdefence.ee\/et\/wp-json\/wp\/v2\/pages\/1092","targetHints":{"allow":["GET"]}}],"collection":[{"href":"https:\/\/praesidiumdefence.ee\/et\/wp-json\/wp\/v2\/pages"}],"about":[{"href":"https:\/\/praesidiumdefence.ee\/et\/wp-json\/wp\/v2\/types\/page"}],"author":[{"embeddable":true,"href":"https:\/\/praesidiumdefence.ee\/et\/wp-json\/wp\/v2\/users\/1"}],"replies":[{"embeddable":true,"href":"https:\/\/praesidiumdefence.ee\/et\/wp-json\/wp\/v2\/comments?post=1092"}],"version-history":[{"count":1,"href":"https:\/\/praesidiumdefence.ee\/et\/wp-json\/wp\/v2\/pages\/1092\/revisions"}],"predecessor-version":[{"id":1103,"href":"https:\/\/praesidiumdefence.ee\/et\/wp-json\/wp\/v2\/pages\/1092\/revisions\/1103"}],"wp:attachment":[{"href":"https:\/\/praesidiumdefence.ee\/et\/wp-json\/wp\/v2\/media?parent=1092"}],"curies":[{"name":"wp","href":"https:\/\/api.w.org\/{rel}","templated":true}]}}