{"id":1089,"date":"2026-01-22T07:26:38","date_gmt":"2026-01-21T21:26:38","guid":{"rendered":"https:\/\/praesidiumdefence.ee\/1-faasi-hindamine\/"},"modified":"2026-01-23T11:09:43","modified_gmt":"2026-01-23T01:09:43","slug":"1-faasi-hindamine","status":"publish","type":"page","link":"https:\/\/praesidiumdefence.ee\/et\/1-faasi-hindamine\/","title":{"rendered":"1. faasi hindamine"},"content":{"rendered":"\t\t<div data-elementor-type=\"wp-page\" data-elementor-id=\"1089\" class=\"elementor elementor-1089 elementor-518\" data-elementor-post-type=\"page\">\n\t\t\t\t<main class=\"elementor-element elementor-element-15a6f796 e-flex e-con-boxed e-con e-parent\" data-id=\"15a6f796\" data-element_type=\"container\" data-e-type=\"container\" data-settings=\"{&quot;background_background&quot;:&quot;classic&quot;}\">\n\t\t\t\t\t<div class=\"e-con-inner\">\n\t\t\t\t<div class=\"elementor-element elementor-element-7eecd552 elementor-widget__width-initial elementor-widget elementor-widget-heading\" data-id=\"7eecd552\" data-element_type=\"widget\" data-e-type=\"widget\" data-widget_type=\"heading.default\">\n\t\t\t\t\t<h1 class=\"elementor-heading-title elementor-size-default\">1. faasi tehniline hindamine<\/h1>\t\t\t\t<\/div>\n\t\t\t\t<div class=\"elementor-element elementor-element-396d6125 elementor-widget elementor-widget-text-editor\" data-id=\"396d6125\" data-element_type=\"widget\" data-e-type=\"widget\" data-widget_type=\"text-editor.default\">\n\t\t\t\t\t\t\t\t\t<p>Eesti Kaitseministeerium \u2013 Kaitseministeeriumi omanduses olev hindamine<\/p>\t\t\t\t\t\t\t\t<\/div>\n\t\t\t\t\t<\/div>\n\t\t\t\t<\/main>\n\t\t<div class=\"elementor-element elementor-element-2b736b6 e-flex e-con-boxed e-con e-parent\" data-id=\"2b736b6\" data-element_type=\"container\" data-e-type=\"container\" data-settings=\"{&quot;background_background&quot;:&quot;classic&quot;}\">\n\t\t\t\t\t<div class=\"e-con-inner\">\n\t\t\t\t<div class=\"elementor-element elementor-element-339da2d elementor-widget elementor-widget-spacer\" data-id=\"339da2d\" data-element_type=\"widget\" data-e-type=\"widget\" data-widget_type=\"spacer.default\">\n\t\t\t\t\t\t\t<div class=\"elementor-spacer\">\n\t\t\t<div class=\"elementor-spacer-inner\"><\/div>\n\t\t<\/div>\n\t\t\t\t\t\t<\/div>\n\t\t\t\t\t<\/div>\n\t\t\t\t<\/div>\n\t\t<div class=\"elementor-element elementor-element-426a5c1e e-flex e-con-boxed e-con e-parent\" data-id=\"426a5c1e\" data-element_type=\"container\" data-e-type=\"container\" data-settings=\"{&quot;background_background&quot;:&quot;classic&quot;}\">\n\t\t\t\t\t<div class=\"e-con-inner\">\n\t\t\t\t<div class=\"elementor-element elementor-element-9df0017 elementor-widget elementor-widget-heading\" data-id=\"9df0017\" data-element_type=\"widget\" data-e-type=\"widget\" data-widget_type=\"heading.default\">\n\t\t\t\t\t<h2 class=\"elementor-heading-title elementor-size-default\">Eesm\u00e4rk\n\n<\/h2>\t\t\t\t<\/div>\n\t\t\t\t<div class=\"elementor-element elementor-element-c42a788 elementor-widget-divider--view-line elementor-widget elementor-widget-divider\" data-id=\"c42a788\" data-element_type=\"widget\" data-e-type=\"widget\" data-widget_type=\"divider.default\">\n\t\t\t\t\t\t\t<div class=\"elementor-divider\">\n\t\t\t<span class=\"elementor-divider-separator\">\n\t\t\t\t\t\t<\/span>\n\t\t<\/div>\n\t\t\t\t\t\t<\/div>\n\t\t\t\t<div class=\"elementor-element elementor-element-aceccad elementor-widget elementor-widget-spacer\" data-id=\"aceccad\" data-element_type=\"widget\" data-e-type=\"widget\" data-widget_type=\"spacer.default\">\n\t\t\t\t\t\t\t<div class=\"elementor-spacer\">\n\t\t\t<div class=\"elementor-spacer-inner\"><\/div>\n\t\t<\/div>\n\t\t\t\t\t\t<\/div>\n\t\t<div class=\"elementor-element elementor-element-439650f8 e-grid e-con-full e-con e-child\" data-id=\"439650f8\" data-element_type=\"container\" data-e-type=\"container\" data-settings=\"{&quot;background_background&quot;:&quot;classic&quot;}\">\n\t\t\t\t<div class=\"elementor-element elementor-element-772d7582 elementor-widget elementor-widget-text-editor\" data-id=\"772d7582\" data-element_type=\"widget\" data-e-type=\"widget\" data-widget_type=\"text-editor.default\">\n\t\t\t\t\t\t\t\t\t<p data-start=\"2615\" data-end=\"2874\">Igasugune 1. faasi tegevus, kui see ette v\u00f5etakse, oleks piiratud, madala riskiga tehniline hindamine, mille eesm\u00e4rk on hinnata, kas SOP-p\u00f5hine autonoomne maapealne k\u00e4itumine on tehniliselt usutav kontrollitud tingimustes, mis on asjakohased Eesti tegevuskeskkonna jaoks.<\/p><p data-start=\"2879\" data-end=\"3106\">Hindamiseks pakutud autonoomia arhitektuuri nimetatakse PERSEUSe&#8217;ks, mis koosneb taju moodulist ja k\u00e4itumisloogika raamistikust. PERSEUSt hinnataks s\u00f5ltumatult mis tahes konkreetsest s\u00f5idukist v\u00f5i platvormist. <\/p><p data-start=\"3111\" data-end=\"3278\">Igasugune selline hindamine viidaks l\u00e4bi Kaitseministeeriumi omanduses oleva \u00f5ppetegevusena ega kujutaks endast hankeprogrammi v\u00f5i v\u00f5imekuse kinnitust.<\/p>\t\t\t\t\t\t\t\t<\/div>\n\t\t\t\t<\/div>\n\t\t\t\t<div class=\"elementor-element elementor-element-3cb5575 elementor-widget elementor-widget-heading\" data-id=\"3cb5575\" data-element_type=\"widget\" data-e-type=\"widget\" data-widget_type=\"heading.default\">\n\t\t\t\t\t<h2 class=\"elementor-heading-title elementor-size-default\">Hindamise eesm\u00e4rk<\/h2>\t\t\t\t<\/div>\n\t\t\t\t<div class=\"elementor-element elementor-element-e4ac6d3 elementor-widget-divider--view-line elementor-widget elementor-widget-divider\" data-id=\"e4ac6d3\" data-element_type=\"widget\" data-e-type=\"widget\" data-widget_type=\"divider.default\">\n\t\t\t\t\t\t\t<div class=\"elementor-divider\">\n\t\t\t<span class=\"elementor-divider-separator\">\n\t\t\t\t\t\t<\/span>\n\t\t<\/div>\n\t\t\t\t\t\t<\/div>\n\t\t\t\t<div class=\"elementor-element elementor-element-a78fcd0 elementor-widget elementor-widget-spacer\" data-id=\"a78fcd0\" data-element_type=\"widget\" data-e-type=\"widget\" data-widget_type=\"spacer.default\">\n\t\t\t\t\t\t\t<div class=\"elementor-spacer\">\n\t\t\t<div class=\"elementor-spacer-inner\"><\/div>\n\t\t<\/div>\n\t\t\t\t\t\t<\/div>\n\t\t<div class=\"elementor-element elementor-element-1cec838 e-grid e-con-full e-con e-child\" data-id=\"1cec838\" data-element_type=\"container\" data-e-type=\"container\" data-settings=\"{&quot;background_background&quot;:&quot;classic&quot;}\">\n\t\t\t\t<div class=\"elementor-element elementor-element-904bee0 elementor-widget elementor-widget-text-editor\" data-id=\"904bee0\" data-element_type=\"widget\" data-e-type=\"widget\" data-widget_type=\"text-editor.default\">\n\t\t\t\t\t\t\t\t\t<p data-start=\"3316\" data-end=\"3602\">Igasuguse 1. faasi hindamise eesm\u00e4rk oleks v\u00e4hendada ebakindlust selles osas, kas efektip\u00f5hine taju l\u00e4henemine koos SOP-p\u00f5hise k\u00e4itumisloogikaga suudab luua j\u00e4rjepidevat, t\u00f5lgendatavat autonoomset maapealset k\u00e4itumist piiratud ja j\u00e4lgitavates tingimustes.<\/p><p data-start=\"3607\" data-end=\"3769\">Hindamine keskenduks j\u00e4lgitavusele, selgitatavusele ja k\u00e4itumise j\u00e4rjepidevusele, mitte j\u00f5udlusele, optimeerimisele v\u00f5i operatiivsele t\u00f5hususele.<\/p>\t\t\t\t\t\t\t\t<\/div>\n\t\t\t\t<\/div>\n\t\t\t\t\t<\/div>\n\t\t\t\t<\/div>\n\t\t<div class=\"elementor-element elementor-element-4cee285 e-flex e-con-boxed e-con e-parent\" data-id=\"4cee285\" data-element_type=\"container\" data-e-type=\"container\" data-settings=\"{&quot;background_background&quot;:&quot;classic&quot;}\">\n\t\t\t\t\t<div class=\"e-con-inner\">\n\t\t\t\t<div class=\"elementor-element elementor-element-1169213 elementor-widget elementor-widget-heading\" data-id=\"1169213\" data-element_type=\"widget\" data-e-type=\"widget\" data-widget_type=\"heading.default\">\n\t\t\t\t\t<h2 class=\"elementor-heading-title elementor-size-default\">Hindamise ulatus\n\n<\/h2>\t\t\t\t<\/div>\n\t\t\t\t<div class=\"elementor-element elementor-element-c7e71f3 elementor-widget-divider--view-line elementor-widget elementor-widget-divider\" data-id=\"c7e71f3\" data-element_type=\"widget\" data-e-type=\"widget\" data-widget_type=\"divider.default\">\n\t\t\t\t\t\t\t<div class=\"elementor-divider\">\n\t\t\t<span class=\"elementor-divider-separator\">\n\t\t\t\t\t\t<\/span>\n\t\t<\/div>\n\t\t\t\t\t\t<\/div>\n\t\t\t\t<div class=\"elementor-element elementor-element-2d3961f elementor-widget elementor-widget-spacer\" data-id=\"2d3961f\" data-element_type=\"widget\" data-e-type=\"widget\" data-widget_type=\"spacer.default\">\n\t\t\t\t\t\t\t<div class=\"elementor-spacer\">\n\t\t\t<div class=\"elementor-spacer-inner\"><\/div>\n\t\t<\/div>\n\t\t\t\t\t\t<\/div>\n\t\t<div class=\"elementor-element elementor-element-d518027 e-grid e-con-full e-con e-child\" data-id=\"d518027\" data-element_type=\"container\" data-e-type=\"container\" data-settings=\"{&quot;background_background&quot;:&quot;classic&quot;}\">\n\t\t\t\t<div class=\"elementor-element elementor-element-079389f elementor-widget elementor-widget-text-editor\" data-id=\"079389f\" data-element_type=\"widget\" data-e-type=\"widget\" data-widget_type=\"text-editor.default\">\n\t\t\t\t\t\t\t\t\t<p data-start=\"3803\" data-end=\"3923\">Igasugune 1. faasi hindamine oleks tahtlikult piiratud ulatuselt ja keskenduks k\u00e4itumise hindamisele, mitte juurutamisele.<\/p><p data-start=\"3928\" data-end=\"4245\">Hindamine v\u00f5ib uurida taju komponentide (nt maastik, n\u00e4htavus, avatus, ebakindlus) ja k\u00e4itumisloogika vahelist vastastikust m\u00f5ju, hinnatuna olemasoleva mehitamata maas\u00f5iduki, esindusliku testplatvormi v\u00f5i simulatsiooni-v\u00e4litingimuste h\u00fcbriidkeskkonna abil, vastavalt saadavusele ja Kaitseministeeriumi juhistele.<\/p><p data-start=\"4250\" data-end=\"4531\">Huvipakkuvad k\u00e4itumismustrid v\u00f5ivad h\u00f5lmata avatuse v\u00e4ltimist, varjava maastiku kasutamist ja liikumisotsuseid, mida m\u00f5jutab tajutav keskkonnarisk, mitte skriptitud reeglid. L\u00e4bipaistvuse ja auditeeritavuse toetamiseks genereeritaks operaatorile n\u00e4htavaid artefakte ja logisid. <\/p><p data-start=\"4536\" data-end=\"4744\">1. faas v\u00e4listaks selges\u00f5naliselt relvade integreerimise, operatiivse juurutamise, autonoomia sertifitseerimise ja igasuguse hanke v\u00f5i platvormi valiku. \u00dchtegi hankimisotsust ei vihjataks ega toetataks. <\/p>\t\t\t\t\t\t\t\t<\/div>\n\t\t\t\t<\/div>\n\t\t\t\t<div class=\"elementor-element elementor-element-7587bd4 elementor-widget elementor-widget-heading\" data-id=\"7587bd4\" data-element_type=\"widget\" data-e-type=\"widget\" data-widget_type=\"heading.default\">\n\t\t\t\t\t<h2 class=\"elementor-heading-title elementor-size-default\">Kestus ja pingutus<\/h2>\t\t\t\t<\/div>\n\t\t\t\t<div class=\"elementor-element elementor-element-5af85a5 elementor-widget-divider--view-line elementor-widget elementor-widget-divider\" data-id=\"5af85a5\" data-element_type=\"widget\" data-e-type=\"widget\" data-widget_type=\"divider.default\">\n\t\t\t\t\t\t\t<div class=\"elementor-divider\">\n\t\t\t<span class=\"elementor-divider-separator\">\n\t\t\t\t\t\t<\/span>\n\t\t<\/div>\n\t\t\t\t\t\t<\/div>\n\t\t\t\t<div class=\"elementor-element elementor-element-3f79de2 elementor-widget elementor-widget-spacer\" data-id=\"3f79de2\" data-element_type=\"widget\" data-e-type=\"widget\" data-widget_type=\"spacer.default\">\n\t\t\t\t\t\t\t<div class=\"elementor-spacer\">\n\t\t\t<div class=\"elementor-spacer-inner\"><\/div>\n\t\t<\/div>\n\t\t\t\t\t\t<\/div>\n\t\t<div class=\"elementor-element elementor-element-b276dba e-grid e-con-full e-con e-child\" data-id=\"b276dba\" data-element_type=\"container\" data-e-type=\"container\" data-settings=\"{&quot;background_background&quot;:&quot;classic&quot;}\">\n\t\t\t\t<div class=\"elementor-element elementor-element-fd9012e elementor-widget elementor-widget-text-editor\" data-id=\"fd9012e\" data-element_type=\"widget\" data-e-type=\"widget\" data-widget_type=\"text-editor.default\">\n\t\t\t\t\t\t\t\t\t<p data-start=\"4781\" data-end=\"4858\">Igasugune 1. faasi hindamine oleks tahtlikult piiratud kestuselt ja pingutuselt.<\/p><p data-start=\"4863\" data-end=\"5064\">Indikatiivsed ajakavad, tegevuse t\u00fc\u00fcp ja hindamisstruktuur m\u00e4\u00e4rataks \u00fchiselt Eesti Kaitseministeeriumiga, vastavalt Kaitseministeeriumi prioriteetidele, ulatuse m\u00e4\u00e4ratlusele ja ressursside saadavusele.<\/p><p data-start=\"5069\" data-end=\"5151\">Igasugune tegevus viidaks l\u00e4bi Kaitseministeeriumi j\u00e4lgimise ja tagasiside alusel, vastavalt vajadusele.<\/p>\t\t\t\t\t\t\t\t<\/div>\n\t\t\t\t<\/div>\n\t\t\t\t\t<\/div>\n\t\t\t\t<\/div>\n\t\t<div class=\"elementor-element elementor-element-c1bd56d e-flex e-con-boxed e-con e-parent\" data-id=\"c1bd56d\" data-element_type=\"container\" data-e-type=\"container\" data-settings=\"{&quot;background_background&quot;:&quot;classic&quot;}\">\n\t\t\t\t\t<div class=\"e-con-inner\">\n\t\t\t\t<div class=\"elementor-element elementor-element-671fc19 elementor-widget elementor-widget-heading\" data-id=\"671fc19\" data-element_type=\"widget\" data-e-type=\"widget\" data-widget_type=\"heading.default\">\n\t\t\t\t\t<h2 class=\"elementor-heading-title elementor-size-default\">Oluline selgitus\n\n<\/h2>\t\t\t\t<\/div>\n\t\t\t\t<div class=\"elementor-element elementor-element-bae0e23 elementor-widget-divider--view-line elementor-widget elementor-widget-divider\" data-id=\"bae0e23\" data-element_type=\"widget\" data-e-type=\"widget\" data-widget_type=\"divider.default\">\n\t\t\t\t\t\t\t<div class=\"elementor-divider\">\n\t\t\t<span class=\"elementor-divider-separator\">\n\t\t\t\t\t\t<\/span>\n\t\t<\/div>\n\t\t\t\t\t\t<\/div>\n\t\t\t\t<div class=\"elementor-element elementor-element-2e0a35e elementor-widget elementor-widget-spacer\" data-id=\"2e0a35e\" data-element_type=\"widget\" data-e-type=\"widget\" data-widget_type=\"spacer.default\">\n\t\t\t\t\t\t\t<div class=\"elementor-spacer\">\n\t\t\t<div class=\"elementor-spacer-inner\"><\/div>\n\t\t<\/div>\n\t\t\t\t\t\t<\/div>\n\t\t<div class=\"elementor-element elementor-element-78aeedd e-grid e-con-full e-con e-child\" data-id=\"78aeedd\" data-element_type=\"container\" data-e-type=\"container\" data-settings=\"{&quot;background_background&quot;:&quot;classic&quot;}\">\n\t\t\t\t<div class=\"elementor-element elementor-element-22ed3ae elementor-widget elementor-widget-text-editor\" data-id=\"22ed3ae\" data-element_type=\"widget\" data-e-type=\"widget\" data-widget_type=\"text-editor.default\">\n\t\t\t\t\t\t\t\t\t<p data-start=\"5192\" data-end=\"5377\">Igasugune 1. faasi hindamine ei kujutaks endast hankeprogrammi, ei vihjaks hankekavatsusele ega kohustaks Eesti Kaitseministeeriumi mis tahes j\u00e4rgnevaks tegevuseks.<\/p><p data-start=\"5382\" data-end=\"5460\">1. faasi ainus eesm\u00e4rk oleks ebakindluse v\u00e4hendamine \u2014 mitte midagi enamat.<\/p>\t\t\t\t\t\t\t\t<\/div>\n\t\t\t\t<\/div>\n\t\t\t\t<div class=\"elementor-element elementor-element-c14919d elementor-widget elementor-widget-spacer\" data-id=\"c14919d\" data-element_type=\"widget\" data-e-type=\"widget\" data-widget_type=\"spacer.default\">\n\t\t\t\t\t\t\t<div class=\"elementor-spacer\">\n\t\t\t<div class=\"elementor-spacer-inner\"><\/div>\n\t\t<\/div>\n\t\t\t\t\t\t<\/div>\n\t\t\t\t\t<\/div>\n\t\t\t\t<\/div>\n\t\t<div class=\"elementor-element elementor-element-13cb13b e-flex e-con-boxed e-con e-parent\" data-id=\"13cb13b\" data-element_type=\"container\" data-e-type=\"container\" data-settings=\"{&quot;background_background&quot;:&quot;classic&quot;}\">\n\t\t\t\t\t<div class=\"e-con-inner\">\n\t\t\t\t<div class=\"elementor-element elementor-element-6f93868 elementor-widget elementor-widget-heading\" data-id=\"6f93868\" data-element_type=\"widget\" data-e-type=\"widget\" data-widget_type=\"heading.default\">\n\t\t\t\t\t<h2 class=\"elementor-heading-title elementor-size-default\">Lisateave\n\n<\/h2>\t\t\t\t<\/div>\n\t\t\t\t<div class=\"elementor-element elementor-element-42145a7 elementor-widget-divider--view-line elementor-widget elementor-widget-divider\" data-id=\"42145a7\" data-element_type=\"widget\" data-e-type=\"widget\" data-widget_type=\"divider.default\">\n\t\t\t\t\t\t\t<div class=\"elementor-divider\">\n\t\t\t<span class=\"elementor-divider-separator\">\n\t\t\t\t\t\t<\/span>\n\t\t<\/div>\n\t\t\t\t\t\t<\/div>\n\t\t\t\t<div class=\"elementor-element elementor-element-f69e4bb elementor-widget elementor-widget-spacer\" data-id=\"f69e4bb\" data-element_type=\"widget\" data-e-type=\"widget\" data-widget_type=\"spacer.default\">\n\t\t\t\t\t\t\t<div class=\"elementor-spacer\">\n\t\t\t<div class=\"elementor-spacer-inner\"><\/div>\n\t\t<\/div>\n\t\t\t\t\t\t<\/div>\n\t\t<div class=\"elementor-element elementor-element-e3755ea e-grid e-con-full e-con e-child\" data-id=\"e3755ea\" data-element_type=\"container\" data-e-type=\"container\" data-settings=\"{&quot;background_background&quot;:&quot;classic&quot;}\">\n\t\t\t\t<div class=\"elementor-element elementor-element-c6d855a elementor-widget elementor-widget-text-editor\" data-id=\"c6d855a\" data-element_type=\"widget\" data-e-type=\"widget\" data-widget_type=\"text-editor.default\">\n\t\t\t\t\t\t\t\t\t<p data-start=\"4867\" data-end=\"5025\">Ametlike tehnilise hindamise v\u00f5i kaitsevaldkonna eksperimenteerimisega seotud p\u00e4ringute korral palume tutvuda 1. faasi hindamise \u00fclevaatega v\u00f5i v\u00f5tta \u00fchendust Praesidium Defence&#8217;iga ametlike kanalite kaudu.<\/p>\t\t\t\t\t\t\t\t<\/div>\n\t\t\t\t<\/div>\n\t\t\t\t<div class=\"elementor-element elementor-element-eb46379 elementor-widget elementor-widget-spacer\" data-id=\"eb46379\" data-element_type=\"widget\" data-e-type=\"widget\" data-widget_type=\"spacer.default\">\n\t\t\t\t\t\t\t<div class=\"elementor-spacer\">\n\t\t\t<div class=\"elementor-spacer-inner\"><\/div>\n\t\t<\/div>\n\t\t\t\t\t\t<\/div>\n\t\t\t\t\t<\/div>\n\t\t\t\t<\/div>\n\t\t<div class=\"elementor-element elementor-element-630f1b1f e-flex e-con-boxed e-con e-parent\" data-id=\"630f1b1f\" data-element_type=\"container\" data-e-type=\"container\" data-settings=\"{&quot;background_background&quot;:&quot;classic&quot;}\">\n\t\t\t\t\t<div class=\"e-con-inner\">\n\t\t\t\t\t<\/div>\n\t\t\t\t<\/div>\n\t\t<div class=\"elementor-element elementor-element-640f92f4 e-flex e-con-boxed e-con e-parent\" data-id=\"640f92f4\" data-element_type=\"container\" data-e-type=\"container\">\n\t\t\t\t\t<div class=\"e-con-inner\">\n\t\t\t\t\t<\/div>\n\t\t\t\t<\/div>\n\t\t\t\t<\/div>\n\t\t","protected":false},"excerpt":{"rendered":"<p>1. faasi tehniline hindamine Eesti Kaitseministeerium \u2013 Kaitseministeeriumi omanduses olev hindamine Eesm\u00e4rk Igasugune 1. faasi tegevus, kui see ette v\u00f5etakse, oleks piiratud, madala riskiga tehniline hindamine, mille eesm\u00e4rk on hinnata, kas SOP-p\u00f5hine autonoomne maapealne k\u00e4itumine on tehniliselt usutav kontrollitud tingimustes, mis on asjakohased Eesti tegevuskeskkonna jaoks. Hindamiseks pakutud autonoomia arhitektuuri nimetatakse PERSEUSe&#8217;ks, mis koosneb taju [&hellip;]<\/p>\n","protected":false},"author":1,"featured_media":0,"parent":0,"menu_order":0,"comment_status":"closed","ping_status":"closed","template":"","meta":{"footnotes":""},"class_list":["post-1089","page","type-page","status-publish","hentry"],"blocksy_meta":[],"_links":{"self":[{"href":"https:\/\/praesidiumdefence.ee\/et\/wp-json\/wp\/v2\/pages\/1089","targetHints":{"allow":["GET"]}}],"collection":[{"href":"https:\/\/praesidiumdefence.ee\/et\/wp-json\/wp\/v2\/pages"}],"about":[{"href":"https:\/\/praesidiumdefence.ee\/et\/wp-json\/wp\/v2\/types\/page"}],"author":[{"embeddable":true,"href":"https:\/\/praesidiumdefence.ee\/et\/wp-json\/wp\/v2\/users\/1"}],"replies":[{"embeddable":true,"href":"https:\/\/praesidiumdefence.ee\/et\/wp-json\/wp\/v2\/comments?post=1089"}],"version-history":[{"count":3,"href":"https:\/\/praesidiumdefence.ee\/et\/wp-json\/wp\/v2\/pages\/1089\/revisions"}],"predecessor-version":[{"id":1221,"href":"https:\/\/praesidiumdefence.ee\/et\/wp-json\/wp\/v2\/pages\/1089\/revisions\/1221"}],"wp:attachment":[{"href":"https:\/\/praesidiumdefence.ee\/et\/wp-json\/wp\/v2\/media?parent=1089"}],"curies":[{"name":"wp","href":"https:\/\/api.w.org\/{rel}","templated":true}]}}