{"id":1086,"date":"2026-01-22T08:24:50","date_gmt":"2026-01-21T22:24:50","guid":{"rendered":"https:\/\/praesidiumdefence.ee\/perseus\/"},"modified":"2026-01-23T11:08:44","modified_gmt":"2026-01-23T01:08:44","slug":"perseus","status":"publish","type":"page","link":"https:\/\/praesidiumdefence.ee\/et\/perseus\/","title":{"rendered":"PERSEUS"},"content":{"rendered":"\t\t<div data-elementor-type=\"wp-page\" data-elementor-id=\"1086\" class=\"elementor elementor-1086 elementor-536\" data-elementor-post-type=\"page\">\n\t\t\t\t<main class=\"elementor-element elementor-element-7eadf362 e-flex e-con-boxed e-con e-parent\" data-id=\"7eadf362\" data-element_type=\"container\" data-e-type=\"container\" data-settings=\"{&quot;background_background&quot;:&quot;classic&quot;}\">\n\t\t\t\t\t<div class=\"e-con-inner\">\n\t\t\t\t<div class=\"elementor-element elementor-element-21bdd0a2 elementor-widget__width-initial elementor-widget elementor-widget-heading\" data-id=\"21bdd0a2\" data-element_type=\"widget\" data-e-type=\"widget\" data-widget_type=\"heading.default\">\n\t\t\t\t\t<h1 class=\"elementor-heading-title elementor-size-default\">PERSEUSE autonoomia arhitektuur<\/h1>\t\t\t\t<\/div>\n\t\t\t\t<div class=\"elementor-element elementor-element-8b364c5 elementor-widget elementor-widget-text-editor\" data-id=\"8b364c5\" data-element_type=\"widget\" data-e-type=\"widget\" data-widget_type=\"text-editor.default\">\n\t\t\t\t\t\t\t\t\t<p>Arendamisel olev arhitektuur autonoomse maapealse k\u00e4itumise tehnilise hindamise toetamiseks, s\u00f5ltumata konkreetsest platvormist.<\/p>\t\t\t\t\t\t\t\t<\/div>\n\t\t\t\t\t<\/div>\n\t\t\t\t<\/main>\n\t\t<div class=\"elementor-element elementor-element-7968b5d e-flex e-con-boxed e-con e-parent\" data-id=\"7968b5d\" data-element_type=\"container\" data-e-type=\"container\" data-settings=\"{&quot;background_background&quot;:&quot;classic&quot;}\">\n\t\t\t\t\t<div class=\"e-con-inner\">\n\t\t\t\t<div class=\"elementor-element elementor-element-54bebef elementor-widget elementor-widget-spacer\" data-id=\"54bebef\" data-element_type=\"widget\" data-e-type=\"widget\" data-widget_type=\"spacer.default\">\n\t\t\t\t\t\t\t<div class=\"elementor-spacer\">\n\t\t\t<div class=\"elementor-spacer-inner\"><\/div>\n\t\t<\/div>\n\t\t\t\t\t\t<\/div>\n\t\t\t\t\t<\/div>\n\t\t\t\t<\/div>\n\t\t<div class=\"elementor-element elementor-element-6e9e2d84 e-flex e-con-boxed e-con e-parent\" data-id=\"6e9e2d84\" data-element_type=\"container\" data-e-type=\"container\" data-settings=\"{&quot;background_background&quot;:&quot;classic&quot;}\">\n\t\t\t\t\t<div class=\"e-con-inner\">\n\t\t\t\t<div class=\"elementor-element elementor-element-3b6a34e6 elementor-widget elementor-widget-heading\" data-id=\"3b6a34e6\" data-element_type=\"widget\" data-e-type=\"widget\" data-widget_type=\"heading.default\">\n\t\t\t\t\t<h2 class=\"elementor-heading-title elementor-size-default\">\u00dclevaade\n\n<\/h2>\t\t\t\t<\/div>\n\t\t\t\t<div class=\"elementor-element elementor-element-22c5de5e elementor-widget-divider--view-line elementor-widget elementor-widget-divider\" data-id=\"22c5de5e\" data-element_type=\"widget\" data-e-type=\"widget\" data-widget_type=\"divider.default\">\n\t\t\t\t\t\t\t<div class=\"elementor-divider\">\n\t\t\t<span class=\"elementor-divider-separator\">\n\t\t\t\t\t\t<\/span>\n\t\t<\/div>\n\t\t\t\t\t\t<\/div>\n\t\t\t\t<div class=\"elementor-element elementor-element-7684fd9f elementor-widget elementor-widget-spacer\" data-id=\"7684fd9f\" data-element_type=\"widget\" data-e-type=\"widget\" data-widget_type=\"spacer.default\">\n\t\t\t\t\t\t\t<div class=\"elementor-spacer\">\n\t\t\t<div class=\"elementor-spacer-inner\"><\/div>\n\t\t<\/div>\n\t\t\t\t\t\t<\/div>\n\t\t<div class=\"elementor-element elementor-element-61e58c3a e-grid e-con-boxed e-con e-child\" data-id=\"61e58c3a\" data-element_type=\"container\" data-e-type=\"container\" data-settings=\"{&quot;background_background&quot;:&quot;classic&quot;}\">\n\t\t\t\t\t<div class=\"e-con-inner\">\n\t\t\t\t<div class=\"elementor-element elementor-element-782a35c7 elementor-widget elementor-widget-text-editor\" data-id=\"782a35c7\" data-element_type=\"widget\" data-e-type=\"widget\" data-widget_type=\"text-editor.default\">\n\t\t\t\t\t\t\t\t\t<p data-start=\"3374\" data-end=\"3704\">PERSEUS on arendamisel olev autonoomia arhitektuur, mille eesm\u00e4rk on toetada SOP-idel p\u00f5hineva autonoomse maapealse k\u00e4itumise hindamist kontrollitud tingimustes. Arhitektuur koosneb taju moodulist ja k\u00e4itumisloogika kihist ning on loodud hindamiseks s\u00f5ltumata konkreetsest s\u00f5idukist v\u00f5i platvormist. <\/p><p data-start=\"3709\" data-end=\"3875\">PERSEUS esitatakse potentsiaalseks kaalumiseks Eesti Kaitseministeeriumile kuuluva tehnilise hindamise kontekstis, vastavalt Kaitseministeeriumi huvile ja suunistele.<\/p>\t\t\t\t\t\t\t\t<\/div>\n\t\t\t\t\t<\/div>\n\t\t\t\t<\/div>\n\t\t\t\t<div class=\"elementor-element elementor-element-6b9ca79b elementor-widget elementor-widget-heading\" data-id=\"6b9ca79b\" data-element_type=\"widget\" data-e-type=\"widget\" data-widget_type=\"heading.default\">\n\t\t\t\t\t<h2 class=\"elementor-heading-title elementor-size-default\">Arhitektuuri eesm\u00e4rk<\/h2>\t\t\t\t<\/div>\n\t\t\t\t<div class=\"elementor-element elementor-element-309c86ae elementor-widget-divider--view-line elementor-widget elementor-widget-divider\" data-id=\"309c86ae\" data-element_type=\"widget\" data-e-type=\"widget\" data-widget_type=\"divider.default\">\n\t\t\t\t\t\t\t<div class=\"elementor-divider\">\n\t\t\t<span class=\"elementor-divider-separator\">\n\t\t\t\t\t\t<\/span>\n\t\t<\/div>\n\t\t\t\t\t\t<\/div>\n\t\t\t\t<div class=\"elementor-element elementor-element-6577dd2b elementor-widget elementor-widget-spacer\" data-id=\"6577dd2b\" data-element_type=\"widget\" data-e-type=\"widget\" data-widget_type=\"spacer.default\">\n\t\t\t\t\t\t\t<div class=\"elementor-spacer\">\n\t\t\t<div class=\"elementor-spacer-inner\"><\/div>\n\t\t<\/div>\n\t\t\t\t\t\t<\/div>\n\t\t<div class=\"elementor-element elementor-element-1854da83 e-grid e-con-boxed e-con e-child\" data-id=\"1854da83\" data-element_type=\"container\" data-e-type=\"container\" data-settings=\"{&quot;background_background&quot;:&quot;classic&quot;}\">\n\t\t\t\t\t<div class=\"e-con-inner\">\n\t\t\t\t<div class=\"elementor-element elementor-element-64d8236 elementor-widget elementor-widget-text-editor\" data-id=\"64d8236\" data-element_type=\"widget\" data-e-type=\"widget\" data-widget_type=\"text-editor.default\">\n\t\t\t\t\t\t\t\t\t<p data-start=\"3913\" data-end=\"4081\">PERSEUSE disaini eesm\u00e4rk on toetada autonoomset k\u00e4itumist, mis p\u00f5hineb operaatori standardsetel t\u00f6\u00f6kordadel (SOP) ja missioonipraktikatel, ilma otseseid k\u00e4ske v\u00f5i tegevusi andmata.<\/p><p data-start=\"4086\" data-end=\"4214\">K\u00e4itumine on pigem kallutatud kui suunatud, v\u00f5imaldades inimoperaatoritel ja platvormi ohutuss\u00fcsteemidel igal ajal autoriteeti s\u00e4ilitada.<\/p><p data-start=\"4219\" data-end=\"4363\">PERSEUS on loodud hindamise toetamiseks metsastes, segat\u00fc\u00fcpi ja GPS-i puudumise tingimustes maastikul, mis on esinduslikud Eesti tegevuskeskkonnale.<\/p><p data-start=\"4368\" data-end=\"4482\">Arhitektuur seab esikohale selgitatavuse, auditeeritavuse ja ohutusvolitused j\u00f5udluse optimeerimise asemel.<\/p>\t\t\t\t\t\t\t\t<\/div>\n\t\t\t\t\t<\/div>\n\t\t\t\t<\/div>\n\t\t\t\t\t<\/div>\n\t\t\t\t<\/div>\n\t\t<div class=\"elementor-element elementor-element-69296ece e-flex e-con-boxed e-con e-parent\" data-id=\"69296ece\" data-element_type=\"container\" data-e-type=\"container\" data-settings=\"{&quot;background_background&quot;:&quot;classic&quot;}\">\n\t\t\t\t\t<div class=\"e-con-inner\">\n\t\t\t\t<div class=\"elementor-element elementor-element-7cfa55fb elementor-widget elementor-widget-heading\" data-id=\"7cfa55fb\" data-element_type=\"widget\" data-e-type=\"widget\" data-widget_type=\"heading.default\">\n\t\t\t\t\t<h2 class=\"elementor-heading-title elementor-size-default\">Valdkondade eraldamine\n\n<\/h2>\t\t\t\t<\/div>\n\t\t\t\t<div class=\"elementor-element elementor-element-71ba4c34 elementor-widget-divider--view-line elementor-widget elementor-widget-divider\" data-id=\"71ba4c34\" data-element_type=\"widget\" data-e-type=\"widget\" data-widget_type=\"divider.default\">\n\t\t\t\t\t\t\t<div class=\"elementor-divider\">\n\t\t\t<span class=\"elementor-divider-separator\">\n\t\t\t\t\t\t<\/span>\n\t\t<\/div>\n\t\t\t\t\t\t<\/div>\n\t\t\t\t<div class=\"elementor-element elementor-element-2a729061 elementor-widget elementor-widget-spacer\" data-id=\"2a729061\" data-element_type=\"widget\" data-e-type=\"widget\" data-widget_type=\"spacer.default\">\n\t\t\t\t\t\t\t<div class=\"elementor-spacer\">\n\t\t\t<div class=\"elementor-spacer-inner\"><\/div>\n\t\t<\/div>\n\t\t\t\t\t\t<\/div>\n\t\t<div class=\"elementor-element elementor-element-45cf684a e-grid e-con-boxed e-con e-child\" data-id=\"45cf684a\" data-element_type=\"container\" data-e-type=\"container\" data-settings=\"{&quot;background_background&quot;:&quot;classic&quot;}\">\n\t\t\t\t\t<div class=\"e-con-inner\">\n\t\t\t\t<div class=\"elementor-element elementor-element-3223afec elementor-widget elementor-widget-text-editor\" data-id=\"3223afec\" data-element_type=\"widget\" data-e-type=\"widget\" data-widget_type=\"text-editor.default\">\n\t\t\t\t\t\t\t\t\t<p data-start=\"4522\" data-end=\"4626\">PERSEUS on \u00fcles ehitatud rangele eristamisele taju, k\u00e4itumisloogika ja platvormi juhtimise vahel.<\/p><p data-start=\"4631\" data-end=\"4925\">Taju esitab maastiku, n\u00e4htavuse, avatuse, l\u00e4bitavuse ja ebakindluse pigem efektidena kui objektidena. K\u00e4itumisloogika hindab neid efekte seoses missiooni eesm\u00e4rgi ja SOP-idel p\u00f5hinevate praktikatega, luues k\u00e4itumusliku eelarvamuse, mitte otseseid juhtimisjuhiseid. <\/p><p data-start=\"4930\" data-end=\"5068\">Platvormi juhtimine ja t\u00e4iturmehhanismid j\u00e4\u00e4vad PERSEUSE arhitektuuri ulatusest v\u00e4lja ning neid haldab vastuv\u00f5ttev s\u00f5iduk v\u00f5i juhtimiss\u00fcsteem.<\/p><p data-start=\"5073\" data-end=\"5148\">Tehisintellekt PERSEUSEs ei juhi t\u00e4iturmehhanisme otse.<\/p><p data-start=\"5153\" data-end=\"5255\">See eristamine on tahtlik ning toetab ohutuse tagamist, auditeeritavust ja kontrollitud hindamist.<\/p>\t\t\t\t\t\t\t\t<\/div>\n\t\t\t\t\t<\/div>\n\t\t\t\t<\/div>\n\t\t\t\t<div class=\"elementor-element elementor-element-71f916a6 elementor-widget elementor-widget-heading\" data-id=\"71f916a6\" data-element_type=\"widget\" data-e-type=\"widget\" data-widget_type=\"heading.default\">\n\t\t\t\t\t<h2 class=\"elementor-heading-title elementor-size-default\">Arhitektuurne mudel<\/h2>\t\t\t\t<\/div>\n\t\t\t\t<div class=\"elementor-element elementor-element-6a0014d7 elementor-widget-divider--view-line elementor-widget elementor-widget-divider\" data-id=\"6a0014d7\" data-element_type=\"widget\" data-e-type=\"widget\" data-widget_type=\"divider.default\">\n\t\t\t\t\t\t\t<div class=\"elementor-divider\">\n\t\t\t<span class=\"elementor-divider-separator\">\n\t\t\t\t\t\t<\/span>\n\t\t<\/div>\n\t\t\t\t\t\t<\/div>\n\t\t\t\t<div class=\"elementor-element elementor-element-671a2cbd elementor-widget elementor-widget-spacer\" data-id=\"671a2cbd\" data-element_type=\"widget\" data-e-type=\"widget\" data-widget_type=\"spacer.default\">\n\t\t\t\t\t\t\t<div class=\"elementor-spacer\">\n\t\t\t<div class=\"elementor-spacer-inner\"><\/div>\n\t\t<\/div>\n\t\t\t\t\t\t<\/div>\n\t\t<div class=\"elementor-element elementor-element-765301f e-grid e-con-full e-con e-child\" data-id=\"765301f\" data-element_type=\"container\" data-e-type=\"container\" data-settings=\"{&quot;background_background&quot;:&quot;classic&quot;}\">\n\t\t\t\t<div class=\"elementor-element elementor-element-5cfa7dbc elementor-widget elementor-widget-text-editor\" data-id=\"5cfa7dbc\" data-element_type=\"widget\" data-e-type=\"widget\" data-widget_type=\"text-editor.default\">\n\t\t\t\t\t\t\t\t\t<p data-start=\"5292\" data-end=\"5408\">PERSEUSE arhitektuuris k\u00e4sitletakse taju ja k\u00e4itumisloogikat iseseisvate arhitektuurielementidena.<\/p><p data-start=\"5413\" data-end=\"5565\">Taju komponent genereerib keskkonna efektip\u00f5hise esituse, sealhulgas maastiku struktuuri, varjamise, avatuse ja ebakindluse.<\/p><p data-start=\"5570\" data-end=\"5758\">K\u00e4itumisloogika kiht rakendab SOP-idel p\u00f5hinevat arutlusk\u00e4iku autonoomse k\u00e4itumise m\u00f5jutamiseks, kodeerimata skriptitud taktikaid, reeglip\u00f5hiseid k\u00e4itumispuid ega doktrinaalseid otsustusreegleid.<\/p><p data-start=\"5763\" data-end=\"5920\">F\u00fc\u00fcsiline platvorm on PERSEUSEst tahtlikult lahti \u00fchendatud. Integratsioon mis tahes s\u00f5iduki v\u00f5i testplatvormiga viiakse l\u00e4bi ainult hindamise eesm\u00e4rgil.<\/p>\t\t\t\t\t\t\t\t<\/div>\n\t\t\t\t<\/div>\n\t\t\t\t\t<\/div>\n\t\t\t\t<\/div>\n\t\t<div class=\"elementor-element elementor-element-6fb5e226 e-flex e-con-boxed e-con e-parent\" data-id=\"6fb5e226\" data-element_type=\"container\" data-e-type=\"container\" data-settings=\"{&quot;background_background&quot;:&quot;classic&quot;}\">\n\t\t\t\t\t<div class=\"e-con-inner\">\n\t\t\t\t<div class=\"elementor-element elementor-element-55c07665 elementor-widget elementor-widget-heading\" data-id=\"55c07665\" data-element_type=\"widget\" data-e-type=\"widget\" data-widget_type=\"heading.default\">\n\t\t\t\t\t<h2 class=\"elementor-heading-title elementor-size-default\">Selges\u00f5nalised piirangud\n\n<\/h2>\t\t\t\t<\/div>\n\t\t\t\t<div class=\"elementor-element elementor-element-21569558 elementor-widget-divider--view-line elementor-widget elementor-widget-divider\" data-id=\"21569558\" data-element_type=\"widget\" data-e-type=\"widget\" data-widget_type=\"divider.default\">\n\t\t\t\t\t\t\t<div class=\"elementor-divider\">\n\t\t\t<span class=\"elementor-divider-separator\">\n\t\t\t\t\t\t<\/span>\n\t\t<\/div>\n\t\t\t\t\t\t<\/div>\n\t\t\t\t<div class=\"elementor-element elementor-element-2563d596 elementor-widget elementor-widget-spacer\" data-id=\"2563d596\" data-element_type=\"widget\" data-e-type=\"widget\" data-widget_type=\"spacer.default\">\n\t\t\t\t\t\t\t<div class=\"elementor-spacer\">\n\t\t\t<div class=\"elementor-spacer-inner\"><\/div>\n\t\t<\/div>\n\t\t\t\t\t\t<\/div>\n\t\t<div class=\"elementor-element elementor-element-f80c66c e-grid e-con-full e-con e-child\" data-id=\"f80c66c\" data-element_type=\"container\" data-e-type=\"container\" data-settings=\"{&quot;background_background&quot;:&quot;classic&quot;}\">\n\t\t\t\t<div class=\"elementor-element elementor-element-1e45c53d elementor-widget elementor-widget-text-editor\" data-id=\"1e45c53d\" data-element_type=\"widget\" data-e-type=\"widget\" data-widget_type=\"text-editor.default\">\n\t\t\t\t\t\t\t\t\t<p data-start=\"5957\" data-end=\"6042\">PERSEUS ei ole valmistoode, rakendatav s\u00fcsteem ega operatiivne v\u00f5imekus.<\/p><p data-start=\"6047\" data-end=\"6157\">See ei ole relvas\u00fcsteem, ei vii l\u00e4bi autonoomset lahingutegevust ega asenda inimjuhtimist v\u00f5i -kontrolli.<\/p><p data-start=\"6162\" data-end=\"6303\">Ei esitata v\u00e4iteid j\u00f5udluse, t\u00f5hususe ega operatiivse sobivuse kohta v\u00e4ljaspool kontrollitud tehnilise hindamise konteksti.<\/p>\t\t\t\t\t\t\t\t<\/div>\n\t\t\t\t<\/div>\n\t\t\t\t<div class=\"elementor-element elementor-element-66404e9f elementor-widget elementor-widget-spacer\" data-id=\"66404e9f\" data-element_type=\"widget\" data-e-type=\"widget\" data-widget_type=\"spacer.default\">\n\t\t\t\t\t\t\t<div class=\"elementor-spacer\">\n\t\t\t<div class=\"elementor-spacer-inner\"><\/div>\n\t\t<\/div>\n\t\t\t\t\t\t<\/div>\n\t\t\t\t\t<\/div>\n\t\t\t\t<\/div>\n\t\t<div class=\"elementor-element elementor-element-90c3a46 e-flex e-con-boxed e-con e-parent\" data-id=\"90c3a46\" data-element_type=\"container\" data-e-type=\"container\" data-settings=\"{&quot;background_background&quot;:&quot;classic&quot;}\">\n\t\t\t\t\t<div class=\"e-con-inner\">\n\t\t\t\t<div class=\"elementor-element elementor-element-8d6687d elementor-widget elementor-widget-heading\" data-id=\"8d6687d\" data-element_type=\"widget\" data-e-type=\"widget\" data-widget_type=\"heading.default\">\n\t\t\t\t\t<h2 class=\"elementor-heading-title elementor-size-default\">Seos 1. faasi hindamisega\n\n<\/h2>\t\t\t\t<\/div>\n\t\t\t\t<div class=\"elementor-element elementor-element-e25f49f elementor-widget-divider--view-line elementor-widget elementor-widget-divider\" data-id=\"e25f49f\" data-element_type=\"widget\" data-e-type=\"widget\" data-widget_type=\"divider.default\">\n\t\t\t\t\t\t\t<div class=\"elementor-divider\">\n\t\t\t<span class=\"elementor-divider-separator\">\n\t\t\t\t\t\t<\/span>\n\t\t<\/div>\n\t\t\t\t\t\t<\/div>\n\t\t\t\t<div class=\"elementor-element elementor-element-921d9bf elementor-widget elementor-widget-spacer\" data-id=\"921d9bf\" data-element_type=\"widget\" data-e-type=\"widget\" data-widget_type=\"spacer.default\">\n\t\t\t\t\t\t\t<div class=\"elementor-spacer\">\n\t\t\t<div class=\"elementor-spacer-inner\"><\/div>\n\t\t<\/div>\n\t\t\t\t\t\t<\/div>\n\t\t<div class=\"elementor-element elementor-element-a0dbdfa e-grid e-con-full e-con e-child\" data-id=\"a0dbdfa\" data-element_type=\"container\" data-e-type=\"container\" data-settings=\"{&quot;background_background&quot;:&quot;classic&quot;}\">\n\t\t\t\t<div class=\"elementor-element elementor-element-a774752 elementor-widget elementor-widget-text-editor\" data-id=\"a774752\" data-element_type=\"widget\" data-e-type=\"widget\" data-widget_type=\"text-editor.default\">\n\t\t\t\t\t\t\t\t\t<p data-start=\"6355\" data-end=\"6565\">Iga 1. faasi tehniline hindamine, kui see l\u00e4bi viiakse, hindaks, kas PERSEUSE arhitektuur on tehniliselt usaldusv\u00e4\u00e4rne ja j\u00e4lgitav kontrollitud tingimustes, mis on asjakohased Eesti tegevuskeskkonnale.<\/p><p data-start=\"6570\" data-end=\"6734\">1. faas keskenduks k\u00e4itumisele, selgitatavusele ja ohutusomadustele. See ei kinnitaks j\u00f5udlust, ei sertifitseeriks autonoomiat ega toetaks hankimisotsuseid. <\/p><p data-start=\"6739\" data-end=\"6824\">Tulemused annaksid teavet selle kohta, kas edasine hindamine on p\u00f5hjendatud \u2014 ei midagi enamat.<\/p>\t\t\t\t\t\t\t\t<\/div>\n\t\t\t\t<\/div>\n\t\t\t\t<div class=\"elementor-element elementor-element-a9f8e75 elementor-widget elementor-widget-heading\" data-id=\"a9f8e75\" data-element_type=\"widget\" data-e-type=\"widget\" data-widget_type=\"heading.default\">\n\t\t\t\t\t<h2 class=\"elementor-heading-title elementor-size-default\">L\u00f5pps\u00f5na<\/h2>\t\t\t\t<\/div>\n\t\t\t\t<div class=\"elementor-element elementor-element-808da91 elementor-widget-divider--view-line elementor-widget elementor-widget-divider\" data-id=\"808da91\" data-element_type=\"widget\" data-e-type=\"widget\" data-widget_type=\"divider.default\">\n\t\t\t\t\t\t\t<div class=\"elementor-divider\">\n\t\t\t<span class=\"elementor-divider-separator\">\n\t\t\t\t\t\t<\/span>\n\t\t<\/div>\n\t\t\t\t\t\t<\/div>\n\t\t\t\t<div class=\"elementor-element elementor-element-867eeb5 elementor-widget elementor-widget-spacer\" data-id=\"867eeb5\" data-element_type=\"widget\" data-e-type=\"widget\" data-widget_type=\"spacer.default\">\n\t\t\t\t\t\t\t<div class=\"elementor-spacer\">\n\t\t\t<div class=\"elementor-spacer-inner\"><\/div>\n\t\t<\/div>\n\t\t\t\t\t\t<\/div>\n\t\t<div class=\"elementor-element elementor-element-baa6577 e-grid e-con-full e-con e-child\" data-id=\"baa6577\" data-element_type=\"container\" data-e-type=\"container\" data-settings=\"{&quot;background_background&quot;:&quot;classic&quot;}\">\n\t\t\t\t<div class=\"elementor-element elementor-element-0297167 elementor-widget elementor-widget-text-editor\" data-id=\"0297167\" data-element_type=\"widget\" data-e-type=\"widget\" data-widget_type=\"text-editor.default\">\n\t\t\t\t\t\t\t\t\t<p data-start=\"6859\" data-end=\"6903\">PERSEUS eksisteerib hindamiseks, mitte kasutuselev\u00f5tuks.<\/p><p data-start=\"6908\" data-end=\"7093\">Arhitektuur esitatakse Kaitseministeeriumi potentsiaalseks kaalumiseks piiratud \u00f5ppekonstruktsioonina, mille ainus eesm\u00e4rk on v\u00e4hendada ebakindlust SOP-idel p\u00f5hineva autonoomse maapealse k\u00e4itumise osas.<\/p>\t\t\t\t\t\t\t\t<\/div>\n\t\t\t\t<\/div>\n\t\t\t\t\t<\/div>\n\t\t\t\t<\/div>\n\t\t<div class=\"elementor-element elementor-element-bd4d866 e-flex e-con-boxed e-con e-parent\" data-id=\"bd4d866\" data-element_type=\"container\" data-e-type=\"container\" data-settings=\"{&quot;background_background&quot;:&quot;classic&quot;}\">\n\t\t\t\t\t<div class=\"e-con-inner\">\n\t\t\t\t<div class=\"elementor-element elementor-element-cdf2637 elementor-widget elementor-widget-spacer\" data-id=\"cdf2637\" data-element_type=\"widget\" data-e-type=\"widget\" data-widget_type=\"spacer.default\">\n\t\t\t\t\t\t\t<div class=\"elementor-spacer\">\n\t\t\t<div class=\"elementor-spacer-inner\"><\/div>\n\t\t<\/div>\n\t\t\t\t\t\t<\/div>\n\t\t\t\t<div class=\"elementor-element elementor-element-55006a5 elementor-widget elementor-widget-heading\" data-id=\"55006a5\" data-element_type=\"widget\" data-e-type=\"widget\" data-widget_type=\"heading.default\">\n\t\t\t\t\t<h2 class=\"elementor-heading-title elementor-size-default\">Lisateave\n<\/h2>\t\t\t\t<\/div>\n\t\t\t\t<div class=\"elementor-element elementor-element-2f90fb5 elementor-widget-divider--view-line elementor-widget elementor-widget-divider\" data-id=\"2f90fb5\" data-element_type=\"widget\" data-e-type=\"widget\" data-widget_type=\"divider.default\">\n\t\t\t\t\t\t\t<div class=\"elementor-divider\">\n\t\t\t<span class=\"elementor-divider-separator\">\n\t\t\t\t\t\t<\/span>\n\t\t<\/div>\n\t\t\t\t\t\t<\/div>\n\t\t\t\t<div class=\"elementor-element elementor-element-223702b elementor-widget elementor-widget-spacer\" data-id=\"223702b\" data-element_type=\"widget\" data-e-type=\"widget\" data-widget_type=\"spacer.default\">\n\t\t\t\t\t\t\t<div class=\"elementor-spacer\">\n\t\t\t<div class=\"elementor-spacer-inner\"><\/div>\n\t\t<\/div>\n\t\t\t\t\t\t<\/div>\n\t\t<div class=\"elementor-element elementor-element-5ed99ca e-grid e-con-full e-con e-child\" data-id=\"5ed99ca\" data-element_type=\"container\" data-e-type=\"container\" data-settings=\"{&quot;background_background&quot;:&quot;classic&quot;}\">\n\t\t\t\t<div class=\"elementor-element elementor-element-d7d1435 elementor-widget elementor-widget-text-editor\" data-id=\"d7d1435\" data-element_type=\"widget\" data-e-type=\"widget\" data-widget_type=\"text-editor.default\">\n\t\t\t\t\t\t\t\t\t<p data-start=\"5228\" data-end=\"5271\">Ametlike tehnilise hindamise v\u00f5i kaitsevaldkonna eksperimenteerimisega seotud p\u00e4ringute korral palume tutvuda 1. faasi hindamise \u00fclevaatega v\u00f5i v\u00f5tta \u00fchendust Praesidium Defence&#8217;iga ametlike kanalite kaudu.<\/p>\t\t\t\t\t\t\t\t<\/div>\n\t\t\t\t<\/div>\n\t\t\t\t\t<\/div>\n\t\t\t\t<\/div>\n\t\t<div class=\"elementor-element elementor-element-472ea0b3 e-flex e-con-boxed e-con e-parent\" data-id=\"472ea0b3\" data-element_type=\"container\" data-e-type=\"container\" data-settings=\"{&quot;background_background&quot;:&quot;classic&quot;}\">\n\t\t\t\t\t<div class=\"e-con-inner\">\n\t\t\t\t\t<\/div>\n\t\t\t\t<\/div>\n\t\t<div class=\"elementor-element elementor-element-6fb1bd6f e-flex e-con-boxed e-con e-parent\" data-id=\"6fb1bd6f\" data-element_type=\"container\" data-e-type=\"container\">\n\t\t\t\t\t<div class=\"e-con-inner\">\n\t\t\t\t\t<\/div>\n\t\t\t\t<\/div>\n\t\t\t\t<\/div>\n\t\t","protected":false},"excerpt":{"rendered":"<p>PERSEUSE autonoomia arhitektuur Arendamisel olev arhitektuur autonoomse maapealse k\u00e4itumise tehnilise hindamise toetamiseks, s\u00f5ltumata konkreetsest platvormist. \u00dclevaade PERSEUS on arendamisel olev autonoomia arhitektuur, mille eesm\u00e4rk on toetada SOP-idel p\u00f5hineva autonoomse maapealse k\u00e4itumise hindamist kontrollitud tingimustes. Arhitektuur koosneb taju moodulist ja k\u00e4itumisloogika kihist ning on loodud hindamiseks s\u00f5ltumata konkreetsest s\u00f5idukist v\u00f5i platvormist. PERSEUS esitatakse potentsiaalseks kaalumiseks Eesti [&hellip;]<\/p>\n","protected":false},"author":1,"featured_media":0,"parent":0,"menu_order":0,"comment_status":"closed","ping_status":"closed","template":"","meta":{"footnotes":""},"class_list":["post-1086","page","type-page","status-publish","hentry"],"blocksy_meta":[],"_links":{"self":[{"href":"https:\/\/praesidiumdefence.ee\/et\/wp-json\/wp\/v2\/pages\/1086","targetHints":{"allow":["GET"]}}],"collection":[{"href":"https:\/\/praesidiumdefence.ee\/et\/wp-json\/wp\/v2\/pages"}],"about":[{"href":"https:\/\/praesidiumdefence.ee\/et\/wp-json\/wp\/v2\/types\/page"}],"author":[{"embeddable":true,"href":"https:\/\/praesidiumdefence.ee\/et\/wp-json\/wp\/v2\/users\/1"}],"replies":[{"embeddable":true,"href":"https:\/\/praesidiumdefence.ee\/et\/wp-json\/wp\/v2\/comments?post=1086"}],"version-history":[{"count":4,"href":"https:\/\/praesidiumdefence.ee\/et\/wp-json\/wp\/v2\/pages\/1086\/revisions"}],"predecessor-version":[{"id":1220,"href":"https:\/\/praesidiumdefence.ee\/et\/wp-json\/wp\/v2\/pages\/1086\/revisions\/1220"}],"wp:attachment":[{"href":"https:\/\/praesidiumdefence.ee\/et\/wp-json\/wp\/v2\/media?parent=1086"}],"curies":[{"name":"wp","href":"https:\/\/api.w.org\/{rel}","templated":true}]}}