{"id":1066,"date":"2025-12-30T02:41:33","date_gmt":"2025-12-29T16:41:33","guid":{"rendered":"https:\/\/praesidiumdefence.ee\/avaleht\/"},"modified":"2026-03-06T13:48:07","modified_gmt":"2026-03-06T03:48:07","slug":"avaleht","status":"publish","type":"page","link":"https:\/\/praesidiumdefence.ee\/et\/","title":{"rendered":"Avaleht"},"content":{"rendered":"\t\t<div data-elementor-type=\"wp-page\" data-elementor-id=\"1066\" class=\"elementor elementor-1066 elementor-17\" data-elementor-post-type=\"page\">\n\t\t\t\t<main class=\"elementor-element elementor-element-2a85fb94 e-con-full e-flex e-con e-parent\" data-id=\"2a85fb94\" data-element_type=\"container\" data-e-type=\"container\" data-settings=\"{&quot;background_background&quot;:&quot;classic&quot;}\">\n\t\t\t\t<div class=\"elementor-element elementor-element-6aa4531 elementor-widget__width-initial elementor-widget elementor-widget-heading\" data-id=\"6aa4531\" data-element_type=\"widget\" data-e-type=\"widget\" data-widget_type=\"heading.default\">\n\t\t\t\t\t<h1 class=\"elementor-heading-title elementor-size-default\">Praesidium Defence<\/h1>\t\t\t\t<\/div>\n\t\t\t\t<div class=\"elementor-element elementor-element-7829bfb elementor-widget__width-initial elementor-widget elementor-widget-heading\" data-id=\"7829bfb\" data-element_type=\"widget\" data-e-type=\"widget\" data-widget_type=\"heading.default\">\n\t\t\t\t\t<h1 class=\"elementor-heading-title elementor-size-default\">Taju- ja arutluss\u00fcsteem mehitamata s\u00fcsteemidele<\/h1>\t\t\t\t<\/div>\n\t\t\t\t<div class=\"elementor-element elementor-element-43c1330 elementor-widget elementor-widget-text-editor\" data-id=\"43c1330\" data-element_type=\"widget\" data-e-type=\"widget\" data-widget_type=\"text-editor.default\">\n\t\t\t\t\t\t\t\t\t<p>Eestis l\u00e4biviidav varajase faasi autonoomse maapealse k\u00e4itumise uurimine GPS-i puudumisel.<\/p>\t\t\t\t\t\t\t\t<\/div>\n\t\t\t\t<\/main>\n\t\t<div class=\"elementor-element elementor-element-4998c4f2 e-con-full e-flex e-con e-parent\" data-id=\"4998c4f2\" data-element_type=\"container\" data-e-type=\"container\" data-settings=\"{&quot;background_background&quot;:&quot;classic&quot;}\">\n\t\t<div class=\"elementor-element elementor-element-525ff826 e-grid e-con-full e-con e-child\" data-id=\"525ff826\" data-element_type=\"container\" data-e-type=\"container\" data-settings=\"{&quot;background_background&quot;:&quot;classic&quot;}\">\n\t\t\t\t<div class=\"elementor-element elementor-element-2d46d275 elementor-widget elementor-widget-text-editor\" data-id=\"2d46d275\" data-element_type=\"widget\" data-e-type=\"widget\" data-widget_type=\"text-editor.default\">\n\t\t\t\t\t\t\t\t\t<p data-start=\"2002\" data-end=\"2204\">Praesidium Defence on Eestis registreeritud kaitset\u00f6\u00f6stusettev\u00f5te, mis keskendub \u00f5ppimisele suunatud varajase faasi autonoomse k\u00e4itumise tehnilisele hindamisele, mis on oluline vaidlustatud maapealsetes tegevuskeskkondades.<\/p><p data-start=\"2211\" data-end=\"2416\">Hinnatav autonoomia arhitektuur PERSEUS koosneb taju komponentidest ja k\u00e4itumisloogika raamistikust ning seda hinnatakse s\u00f5ltumatult mis tahes konkreetsest s\u00f5idukist v\u00f5i platvormist.<\/p><p data-start=\"2423\" data-end=\"2661\">Praesidium Defence soovib kaasata kaitsevaldkonna sidusr\u00fchmi, et uurida, kas esilekerkivad autonoomia l\u00e4henemisviisid on tehniliselt usaldusv\u00e4\u00e4rsed, selgitatavad ja potentsiaalselt asjakohased, enne mis tahes omandamise, kasutuselev\u00f5tu v\u00f5i integreerimise kaalumist.<\/p><p data-start=\"2668\" data-end=\"2879\">Praesidium Defence on Eesti ankurentiteet potentsiaalseteks aruteludeks PERSEUSE, GPS-i puudumise ja halvenenud keskkondades tegutsemiseks arendatava autonoomia arhitektuuri hindamise \u00fcle.<\/p><p data-start=\"2886\" data-end=\"3129\">Praesidium Defence otsib Kaitseministeeriumi juhiseid selle kohta, kas v\u00e4ike, piiritletud, Kaitseministeeriumile kuuluv 1. faasi tehniline hindamine oleks kasulik, et hinnata, kas standardsete t\u00f6\u00f6kordadega (SOP) koosk\u00f5las olev autonoomne maapealne k\u00e4itumine v\u00e4\u00e4rib edasist anal\u00fc\u00fctilist t\u00e4helepanu.<br><br>Praesidium Defence tugineb kogemustele autonoomsete s\u00fcsteemide, lahingurobootika ja tehisintellektil p\u00f5hinevate sensorkonstruktsioonide valdkonnas. Praegune t\u00f6\u00f6 keskendub ettevaatavale uurimist\u00f6\u00f6le tajup\u00f5hise autonoomsuse ja k\u00e4itumise modelleerimise alal, et tegutseda GPS-vabades keskkondades. <br><br>Praesidium Defence soovib asjakohastelt kaitseorganisatsioonidelt suuniseid selle kohta, kas uute autonoomsusarhitektuuride v\u00e4ikesemahuline ja t\u00e4pselt piiritletud tehniline hindamine oleks kasulik nende potentsiaalse asjakohasuse m\u00f5istmiseks rasketes maapealsetes operatsioonides.<\/p><p data-start=\"3136\" data-end=\"3279\">See tegevus, kui see ette v\u00f5etakse, oleks ainult \u00f5ppimisele suunatud ega kujuta endast hankeprogrammi ega v\u00f5imekuse heakskiitu.<\/p>\t\t\t\t\t\t\t\t<\/div>\n\t\t\t\t<\/div>\n\t\t\t\t<\/div>\n\t\t<div class=\"elementor-element elementor-element-a8ec482 e-grid e-con-boxed e-con e-parent\" data-id=\"a8ec482\" data-element_type=\"container\" data-e-type=\"container\" data-settings=\"{&quot;background_background&quot;:&quot;classic&quot;}\">\n\t\t\t\t\t<div class=\"e-con-inner\">\n\t\t<div class=\"elementor-element elementor-element-b33d151 e-con-full e-flex e-con e-child\" data-id=\"b33d151\" data-element_type=\"container\" data-e-type=\"container\" data-settings=\"{&quot;background_background&quot;:&quot;classic&quot;}\">\n\t\t\t\t<div class=\"elementor-element elementor-element-d749235 elementor-widget elementor-widget-heading\" data-id=\"d749235\" data-element_type=\"widget\" data-e-type=\"widget\" data-widget_type=\"heading.default\">\n\t\t\t\t\t<h3 class=\"elementor-heading-title elementor-size-default\"><a href=\"https:\/\/praesidiumdefence.ee\/widowswarm\/\">Tehniline hindamine<\/a><\/h3>\t\t\t\t<\/div>\n\t\t\t\t<div class=\"elementor-element elementor-element-35b8b77 elementor-widget-divider--view-line elementor-widget elementor-widget-divider\" data-id=\"35b8b77\" data-element_type=\"widget\" data-e-type=\"widget\" data-widget_type=\"divider.default\">\n\t\t\t\t\t\t\t<div class=\"elementor-divider\">\n\t\t\t<span class=\"elementor-divider-separator\">\n\t\t\t\t\t\t<\/span>\n\t\t<\/div>\n\t\t\t\t\t\t<\/div>\n\t\t\t\t<div class=\"elementor-element elementor-element-3325b70 elementor-widget elementor-widget-text-editor\" data-id=\"3325b70\" data-element_type=\"widget\" data-e-type=\"widget\" data-widget_type=\"text-editor.default\">\n\t\t\t\t\t\t\t\t\t<p>Toetame kaitseorganisatsioone autonoomse k\u00e4itumise rangelt piiritletud tehniliste hindamiste l\u00e4biviimisel, keskendudes \u00f5ppimisele, mitte demonstreerimisele.<\/p>\t\t\t\t\t\t\t\t<\/div>\n\t\t\t\t<\/div>\n\t\t<div class=\"elementor-element elementor-element-b1cfd17 e-con-full e-flex e-con e-child\" data-id=\"b1cfd17\" data-element_type=\"container\" data-e-type=\"container\" data-settings=\"{&quot;background_background&quot;:&quot;classic&quot;}\">\n\t\t\t\t<div class=\"elementor-element elementor-element-2b43a9d elementor-widget elementor-widget-heading\" data-id=\"2b43a9d\" data-element_type=\"widget\" data-e-type=\"widget\" data-widget_type=\"heading.default\">\n\t\t\t\t\t<h3 class=\"elementor-heading-title elementor-size-default\"><a href=\"https:\/\/praesidiumdefence.ee\/widowswarm\/\">Arhitektuuritasandi fookus\n<\/a><\/h3>\t\t\t\t<\/div>\n\t\t\t\t<div class=\"elementor-element elementor-element-23cec88 elementor-widget-divider--view-line elementor-widget elementor-widget-divider\" data-id=\"23cec88\" data-element_type=\"widget\" data-e-type=\"widget\" data-widget_type=\"divider.default\">\n\t\t\t\t\t\t\t<div class=\"elementor-divider\">\n\t\t\t<span class=\"elementor-divider-separator\">\n\t\t\t\t\t\t<\/span>\n\t\t<\/div>\n\t\t\t\t\t\t<\/div>\n\t\t\t\t<div class=\"elementor-element elementor-element-695dfeb elementor-widget elementor-widget-text-editor\" data-id=\"695dfeb\" data-element_type=\"widget\" data-e-type=\"widget\" data-widget_type=\"text-editor.default\">\n\t\t\t\t\t\t\t\t\t<p>Meie t\u00f6\u00f6 uurib autonoomia arhitektuure, mitte valmis platvorme, rangelt eristades taju, k\u00e4itumisloogikat ja s\u00f5iduki juhtimist.<\/p>\t\t\t\t\t\t\t\t<\/div>\n\t\t\t\t<\/div>\n\t\t<div class=\"elementor-element elementor-element-fa72278 e-con-full e-flex e-con e-child\" data-id=\"fa72278\" data-element_type=\"container\" data-e-type=\"container\" data-settings=\"{&quot;background_background&quot;:&quot;classic&quot;}\">\n\t\t\t\t<div class=\"elementor-element elementor-element-cbec1f7 elementor-widget elementor-widget-heading\" data-id=\"cbec1f7\" data-element_type=\"widget\" data-e-type=\"widget\" data-widget_type=\"heading.default\">\n\t\t\t\t\t<h3 class=\"elementor-heading-title elementor-size-default\"><a href=\"https:\/\/praesidiumdefence.ee\/widowswarm\/\">Eesti-keskne kaasamine<\/a><\/h3>\t\t\t\t<\/div>\n\t\t\t\t<div class=\"elementor-element elementor-element-2d4e603 elementor-widget-divider--view-line elementor-widget elementor-widget-divider\" data-id=\"2d4e603\" data-element_type=\"widget\" data-e-type=\"widget\" data-widget_type=\"divider.default\">\n\t\t\t\t\t\t\t<div class=\"elementor-divider\">\n\t\t\t<span class=\"elementor-divider-separator\">\n\t\t\t\t\t\t<\/span>\n\t\t<\/div>\n\t\t\t\t\t\t<\/div>\n\t\t\t\t<div class=\"elementor-element elementor-element-18ee27f elementor-widget elementor-widget-text-editor\" data-id=\"18ee27f\" data-element_type=\"widget\" data-e-type=\"widget\" data-widget_type=\"text-editor.default\">\n\t\t\t\t\t\t\t\t\t<p>Kogu esialgne tegevus on ankurdatud Eestisse, tuginedes operaatorite standardsetele t\u00f6\u00f6kordadele (SOP) ja asjakohastele NATO tegevuskaalutlustele, viitamata doktrinaalsele vastavusele v\u00f5i heakskiidule.<\/p>\t\t\t\t\t\t\t\t<\/div>\n\t\t\t\t<\/div>\n\t\t\t\t\t<\/div>\n\t\t\t\t<\/div>\n\t\t<div class=\"elementor-element elementor-element-0075ce7 e-flex e-con-boxed e-con e-parent\" data-id=\"0075ce7\" data-element_type=\"container\" data-e-type=\"container\" data-settings=\"{&quot;background_background&quot;:&quot;classic&quot;}\">\n\t\t\t\t\t<div class=\"e-con-inner\">\n\t\t\t\t<div class=\"elementor-element elementor-element-826b13a elementor-widget elementor-widget-heading\" data-id=\"826b13a\" data-element_type=\"widget\" data-e-type=\"widget\" data-widget_type=\"heading.default\">\n\t\t\t\t\t<h2 class=\"elementor-heading-title elementor-size-default\">Lisateave\n<\/h2>\t\t\t\t<\/div>\n\t\t\t\t<div class=\"elementor-element elementor-element-f2a91a2 elementor-widget-divider--view-line elementor-widget elementor-widget-divider\" data-id=\"f2a91a2\" data-element_type=\"widget\" data-e-type=\"widget\" data-widget_type=\"divider.default\">\n\t\t\t\t\t\t\t<div class=\"elementor-divider\">\n\t\t\t<span class=\"elementor-divider-separator\">\n\t\t\t\t\t\t<\/span>\n\t\t<\/div>\n\t\t\t\t\t\t<\/div>\n\t\t<div class=\"elementor-element elementor-element-cd58a24 e-grid e-con-full e-con e-child\" data-id=\"cd58a24\" data-element_type=\"container\" data-e-type=\"container\" data-settings=\"{&quot;background_background&quot;:&quot;classic&quot;}\">\n\t\t\t\t<div class=\"elementor-element elementor-element-9b0a369 elementor-widget elementor-widget-text-editor\" data-id=\"9b0a369\" data-element_type=\"widget\" data-e-type=\"widget\" data-widget_type=\"text-editor.default\">\n\t\t\t\t\t\t\t\t\t<p>Ametlike tehnilise hindamise v\u00f5i kaitsevaldkonna eksperimenteerimisega seotud p\u00e4ringute korral palume tutvuda 1. faasi hindamise \u00fclevaatega v\u00f5i v\u00f5tta \u00fchendust Praesidium Defence&#8217;iga ametlike kanalite kaudu.<\/p>\t\t\t\t\t\t\t\t<\/div>\n\t\t\t\t<\/div>\n\t\t\t\t\t<\/div>\n\t\t\t\t<\/div>\n\t\t<div class=\"elementor-element elementor-element-5506969 e-flex e-con-boxed e-con e-parent\" data-id=\"5506969\" data-element_type=\"container\" data-e-type=\"container\" data-settings=\"{&quot;background_background&quot;:&quot;classic&quot;}\">\n\t\t\t\t\t<div class=\"e-con-inner\">\n\t\t<div class=\"elementor-element elementor-element-e707c00 e-con-full e-flex e-con e-child\" data-id=\"e707c00\" data-element_type=\"container\" data-e-type=\"container\" data-settings=\"{&quot;background_background&quot;:&quot;classic&quot;}\">\n\t\t\t\t<\/div>\n\t\t\t\t\t<\/div>\n\t\t\t\t<\/div>\n\t\t\t\t<\/div>\n\t\t","protected":false},"excerpt":{"rendered":"<p>Praesidium Defence Taju- ja arutluss\u00fcsteem mehitamata s\u00fcsteemidele Eestis l\u00e4biviidav varajase faasi autonoomse maapealse k\u00e4itumise uurimine GPS-i puudumisel. Praesidium Defence on Eestis registreeritud kaitset\u00f6\u00f6stusettev\u00f5te, mis keskendub \u00f5ppimisele suunatud varajase faasi autonoomse k\u00e4itumise tehnilisele hindamisele, mis on oluline vaidlustatud maapealsetes tegevuskeskkondades. Hinnatav autonoomia arhitektuur PERSEUS koosneb taju komponentidest ja k\u00e4itumisloogika raamistikust ning seda hinnatakse s\u00f5ltumatult mis tahes [&hellip;]<\/p>\n","protected":false},"author":1,"featured_media":0,"parent":0,"menu_order":0,"comment_status":"closed","ping_status":"closed","template":"","meta":{"footnotes":""},"class_list":["post-1066","page","type-page","status-publish","hentry"],"blocksy_meta":[],"_links":{"self":[{"href":"https:\/\/praesidiumdefence.ee\/et\/wp-json\/wp\/v2\/pages\/1066","targetHints":{"allow":["GET"]}}],"collection":[{"href":"https:\/\/praesidiumdefence.ee\/et\/wp-json\/wp\/v2\/pages"}],"about":[{"href":"https:\/\/praesidiumdefence.ee\/et\/wp-json\/wp\/v2\/types\/page"}],"author":[{"embeddable":true,"href":"https:\/\/praesidiumdefence.ee\/et\/wp-json\/wp\/v2\/users\/1"}],"replies":[{"embeddable":true,"href":"https:\/\/praesidiumdefence.ee\/et\/wp-json\/wp\/v2\/comments?post=1066"}],"version-history":[{"count":16,"href":"https:\/\/praesidiumdefence.ee\/et\/wp-json\/wp\/v2\/pages\/1066\/revisions"}],"predecessor-version":[{"id":1235,"href":"https:\/\/praesidiumdefence.ee\/et\/wp-json\/wp\/v2\/pages\/1066\/revisions\/1235"}],"wp:attachment":[{"href":"https:\/\/praesidiumdefence.ee\/et\/wp-json\/wp\/v2\/media?parent=1066"}],"curies":[{"name":"wp","href":"https:\/\/api.w.org\/{rel}","templated":true}]}}